{"id":3046,"date":"2022-09-27T11:30:45","date_gmt":"2022-09-27T11:30:45","guid":{"rendered":"https:\/\/alemany.com\/lotsdenadal\/politica-de-cookies\/"},"modified":"2022-10-06T12:08:21","modified_gmt":"2022-10-06T12:08:21","slug":"politica-de-cookies","status":"publish","type":"page","link":"https:\/\/alemany.com\/lotsdenadal\/es\/politica-de-cookies\/","title":{"rendered":"Pol\u00edtica de Cookies"},"content":{"rendered":"<p><span style=\"vertical-align: inherit;\">En este sitio web se utilizan cookies propias y de terceros para conseguir una mejor experiencia de navegaci\u00f3n, compartir nuestro contenido en redes sociales y obtener estad\u00edsticas de usuarios.<\/span><\/p>\n<p><span style=\"vertical-align: inherit;\">Como Usuario, la forma m\u00e1s sencilla de evitar la descarga de cookies es bloquearlas mediante una adecuada configuraci\u00f3n de su navegador para impedir que se almacenen en el disco duro.<\/span><\/p>\n<p><span style=\"vertical-align: inherit;\">TURRONS I MEL ALEMANY, SL no utiliza ninguna informaci\u00f3n personal procedente de cookies, tan s\u00f3lo estad\u00edsticas generales de visitas que en ning\u00fan caso remiten a informaci\u00f3n personal, pero utilizamos las plataformas Prestashop y WordPress, que utilizan sus propias cookies.<\/span><\/p>\n<p><span style=\"vertical-align: inherit;\">Por eso, es importante leer esta pol\u00edtica de cookies para entender que si contin\u00faa navegando por ella, consideraremos que acepta su uso.<\/span><\/p>\n<p><span style=\"vertical-align: inherit;\">Seg\u00fan los t\u00e9rminos incluidos en el art\u00edculo 22.2 de la Ley 34\/2002, de Servicios de la Sociedad de la Informaci\u00f3n y el Comercio Electr\u00f3nico, si continua navegando est\u00e1 dando su consentimiento para el uso por parte de alemany.com mecanismos citados.<\/span><\/p>\n<h4><strong><span style=\"vertical-align: inherit;\">\u00bfQU\u00c9 SON LAS GALLETAS O COOKIES?<\/span><\/strong><\/h4>\n<p><span style=\"vertical-align: inherit;\"><span class=\"\" style=\"vertical-align: inherit;\">Las cookies son archivos que se descargan en el ordenador cuando accede a este sitio web y que hacen posible, entre otras cosas, almacenar y recuperar informaci\u00f3n sobre sus h\u00e1bitos de navegaci\u00f3n o de su equipo para tener una mejor experiencia de navegaci\u00f3n. <\/span>Esta web utiliza cookies propias y de terceros.<\/span><\/p>\n<h4><strong><span style=\"vertical-align: inherit;\">DESACTIVACI\u00d3N\/ACTIVACI\u00d3N O ELIMINACI\u00d3N DE GALLETAS<\/span><\/strong><\/h4>\n<p><span style=\"vertical-align: inherit;\">TORRONS I MEL ALEMANY, SL pone a disposici\u00f3n de los usuarios que quieran impedir la instalaci\u00f3n de las citadas cookies enlaces a las instrucciones facilitadas para navegadores de uso m\u00e1s extendido:<\/span><\/p>\n<p><a href=\"http:\/\/support.google.com\/chrome\/bin\/answer.py?hl=es-419&amp;answer=95647\"><span style=\"vertical-align: inherit;\">Google Chrome\u00a0<\/span><\/a><span style=\"vertical-align: inherit;\"> &#8211;\u00a0 <\/span><a href=\"http:\/\/windows.microsoft.com\/es-xl\/internet-explorer\/delete-manage-cookies#ie=ie-10\"><span style=\"vertical-align: inherit;\">Internet Explorer\u00a0<\/span><\/a><span style=\"vertical-align: inherit;\"> &#8211;\u00a0 <\/span><a href=\"http:\/\/support.mozilla.org\/es\/kb\/habilitar-y-deshabilitar-cookies-que-los-sitios-we\"><span style=\"vertical-align: inherit;\">Mozilla Firefox\u00a0<\/span><\/a><span style=\"vertical-align: inherit;\"> &#8211;\u00a0 <\/span><a href=\"http:\/\/support.apple.com\/kb\/HT1677?viewlocale=es_ES%20%97%20http:\/\/support.apple.com\/kb\/ph5042\"><span style=\"vertical-align: inherit;\">Safari de Apple<\/span><\/a><\/p>\n<p><span style=\"vertical-align: inherit;\">Puedes consultar el reglamento sobre cookies publicado por la Agencia Espa\u00f1ola de Protecci\u00f3n de Datos en su\u00a0 <\/span><a href=\"https:\/\/www.agpd.es\/portalwebAGPD\/canaldocumentacion\/publicaciones\/common\/Guias\/%20Guia_Cookies.pdf\"><span style=\"vertical-align: inherit;\">\u00abGu\u00eda sobre el uso de las cookies\u00bb<\/span><\/a><span style=\"vertical-align: inherit;\"> \u00a0y obtener m\u00e1s informaci\u00f3n en Internet en\u00a0 <\/span><a href=\"http:\/\/www.aboutcookies.org\/\"><span style=\"vertical-align: inherit;\">http:\/\/www.aboutcookies.org\/<\/span><\/a><\/p>\n<h4><strong><span style=\"vertical-align: inherit;\">NOTAS IMPORTANTES SOBRE LAS GALLETAS<\/span><\/strong><\/h4>\n<p><span style=\"vertical-align: inherit;\">Teniendo en cuenta c\u00f3mo funcionan Internet y los sitios web, no siempre contamos con informaci\u00f3n de las cookies que puedan utilizar terceras partes a trav\u00e9s de nuestro sitio web.<\/span><\/p>\n<p><span style=\"vertical-align: inherit;\">Esto se aplica especialmente a casos en los que nuestro sitio web contiene elementos integrados, es decir, textos, documentos, im\u00e1genes o breves pel\u00edculas que se almacenan en otra parte, pero que se muestran en nuestro sitio web o trav\u00e9s de \u00e9ste. De ah\u00ed la dificultad de cumplir el reglamento sobre las galletas de forma estricta.<\/span><\/p>\n<h4><strong><span style=\"vertical-align: inherit;\">\u00bfQU\u00c9 GALLETAS UTILIZA ESTE SITIO WEB<\/span><\/strong><span style=\"vertical-align: inherit;\"> ?<\/span><\/h4>\n<p><strong><span style=\"vertical-align: inherit;\">GALLETAS DE TERCEROS<\/span><\/strong><\/p>\n<p><span style=\"vertical-align: inherit;\">Como se explica al inicio, esta web utiliza servicios de an\u00e1lisis, concretamente\u00a0 <\/span><strong><span style=\"vertical-align: inherit;\">Google Analytics<\/span><\/strong><span style=\"vertical-align: inherit;\"> , para ayudarnos a analizar el uso que hacen los usuarios del sitio web y mejorar su usabilidad, pero en ning\u00fan caso se asocian a datos que pudieran llegar a identificar al Usuario.<\/span><\/p>\n<p><strong><span style=\"vertical-align: inherit;\">Google Analytics<\/span><\/strong><span style=\"vertical-align: inherit;\"> \u00a0es un servicio anal\u00edtico de web prestado por Google, Inc., una compa\u00f1\u00eda de Delaware, con oficina principal en 1600 Amphitheatre Parkway, Mountain View (California), CA 94043, Estados Unidos (\u201cGoogle\u201d). El Usuario puede consultar\u00a0 <\/span><a href=\"https:\/\/www.google.es\/intl\/es\/policies\/technologies\/types\/\"><span style=\"vertical-align: inherit;\">aqu\u00ed\u00a0<\/span><\/a><span style=\"vertical-align: inherit;\"> el tipo de cookies utilizadas por Google.<\/span><\/p>\n<p><span style=\"vertical-align: inherit;\">En cuanto al tratamiento de datos recabados a trav\u00e9s de las cookies de anal\u00edticas como las de\u00a0 <\/span><strong><span style=\"vertical-align: inherit;\">Google Analytics<\/span><\/strong><span style=\"vertical-align: inherit;\"> , el Grupo de Trabajo del Art\u00edculo 29 (\u00f3rgano consultivo europeo en materia de protecci\u00f3n de datos) ha manifestado que, aunque no est\u00e1n exentas del deber de obtener un consentimiento informado para su uso, es poco probable que representen un riesgo para la privacidad de los usuarios, siempre que se trate de cookies de primera parte, que traten datos agregados con una finalidad estrictamente estad\u00edstica, que se facilite informaci\u00f3n sobre su uso y se incluya la posibilidad de que los usuarios manifiesten su negativa sobre su utilizaci\u00f3n, lo que se aplica en este sitio web.<\/span><\/p>\n<p><span style=\"vertical-align: inherit;\">TORRONS I MEL ALEMANY, SL es usuario de la plataforma de suministro y alojamiento de tiendas online\u00a0 <\/span><strong><span style=\"vertical-align: inherit;\">Prestashop<\/span><\/strong><span style=\"vertical-align: inherit;\"> , propiedad de la empresa francesa Prestashop, SA. A estos efectos, los usos de estas cookies por parte de los sistemas nunca est\u00e1n bajo control o gesti\u00f3n de la responsable de la web, por tanto, pueden cambiar su funci\u00f3n en cualquier momento y entrar cookies nuevas.<\/span><\/p>\n<p><span style=\"vertical-align: inherit;\">Estas cookies tampoco suponen beneficio alguno para la responsable de esta web. Adem\u00e1s, Prestashop, SA utiliza otras cookies con el fin de ayudar a identificar y rastrear a los visitantes de los sitios de Prestashop y conocer el uso que hacen de la p\u00e1gina web de Prestashop, as\u00ed como sus preferencias de acceso, tal como se recoge en el apartado \u201cCookies\u201d de su\u00a0 <\/span><a href=\"https:\/\/www.prestashop.com\/en\/privacy-policy\"><span style=\"vertical-align: inherit;\">pol\u00edtica de privacidad\u00a0<\/span><\/a><span style=\"vertical-align: inherit;\"> .<\/span><\/p>\n<p><span style=\"vertical-align: inherit;\">TURRONS I MEL ALEMANY, SL es usuario de la plataforma de suministro y alojamiento de blogs\u00a0 <\/span><strong><span style=\"vertical-align: inherit;\">WordPress<\/span><\/strong><span style=\"vertical-align: inherit;\"> , propiedad de la empresa norteamericana Automattic, Inc. A estos efectos, los usos de estas cookies por parte de los sistemas nunca est\u00e1n bajo control o gesti\u00f3n de la responsable de la web, pueden cambiar su funci\u00f3n en cualquier momento y entrar cookies nuevas.<\/span><\/p>\n<p><span style=\"vertical-align: inherit;\">Estas cookies tampoco suponen beneficio alguno para la responsable de esta web. Adem\u00e1s, Automattic, Inc. utiliza otras cookies con el fin de ayudar a identificar y rastrear a los visitantes de los sitios de Las cookies de redes sociales se pueden almacenar en su navegador mientras navega por alemany.com cuando utiliza, por ejemplo, el bot\u00f3n de compartir contenidos de alemany.com en alguna red social. <\/span><br \/>\n<span style=\"vertical-align: inherit;\">Las empresas que generan estas cookies correspondientes a las redes sociales que utilizan esta web tienen sus propias pol\u00edticas: y conocer el uso que hacen de la p\u00e1gina web de Automattic, as\u00ed como sus preferencias de acceso, tal y como se recoge en el apartado \u201cCookies\u201d de su <\/span><span style=\"vertical-align: inherit;\">pol\u00edtica de privacidad<\/span><span style=\"vertical-align: inherit;\"> .<\/span><\/p>\n<p><strong><span style=\"vertical-align: inherit;\">GALETAS DE REDES SOCIALES<\/span><\/strong><\/p>\n<p><span style=\"vertical-align: inherit;\">Las cookies de redes sociales pueden almacenarse en su navegador mientras navega por alemany.com por ejemplo, cuando utiliza el bot\u00f3n de compartir contenidos de alemany.com en alguna red social.<\/span><\/p>\n<p><span style=\"vertical-align: inherit;\"><span class=\"\" style=\"vertical-align: inherit;\">Las empresas que generan estas cookies correspondientes a las redes sociales que utiliza este sitio web tienen sus propias pol\u00edticas de cookies.<\/span><\/span><\/p>\n<ul>\n<li><span style=\"vertical-align: inherit;\">Cookie de Twitter, seg\u00fan lo dispuesto en su\u00a0 <\/span><a href=\"https:\/\/twitter.com\/privacy\"><span style=\"vertical-align: inherit;\">pol\u00edtica de privacidad y uso de cookies\u00a0<\/span><\/a><span style=\"vertical-align: inherit;\"> .<\/span><\/li>\n<li><span style=\"vertical-align: inherit;\">Cookie de Facebook, seg\u00fan lo dispuesto en su\u00a0 <\/span><a href=\"https:\/\/www.facebook.com\/help\/cookies?ref_type=sitefooter\"><span style=\"vertical-align: inherit;\">pol\u00edtica de galletas\u00a0<\/span><\/a><span style=\"vertical-align: inherit;\"> .<\/span><\/li>\n<li><span style=\"vertical-align: inherit;\">Cookie de Instagram, seg\u00fan lo dispuesto en su\u00a0 <\/span><a href=\"https:\/\/help.instagram.com\/1896641480634370\"><span style=\"vertical-align: inherit;\">pol\u00edtica de galletas<\/span><\/a><\/li>\n<li><span style=\"vertical-align: inherit;\">Cookie de Google Maps, seg\u00fan lo dispuesto en su\u00a0 <\/span><a href=\"http:\/\/www.google.com\/intl\/es\/policies\/technologies\/types\/\"><span style=\"vertical-align: inherit;\">pol\u00edtica de cookies<\/span><\/a><\/li>\n<\/ul>\n<p><span style=\"vertical-align: inherit;\">En cumplimiento de lo que establece el art\u00edculo 22.2 de la LSSI se detallan las cookies que pueden instalarse habitualmente durante la navegaci\u00f3n por este sitio web:<\/span><\/p>\n<p><span style=\"vertical-align: inherit;\">NOM <\/span><br \/>\n<span style=\"vertical-align: inherit;\">Google Analytics (__utma, __utmb, __utmc, __utmd, __utmv, __utmz, _ga, _gat)<\/span><\/p>\n<p><span style=\"vertical-align: inherit;\">DURACI\u00d3N PREDETERMINADA <\/span><br \/>\n<span style=\"vertical-align: inherit;\">Persistentes<\/span><\/p>\n<p><span style=\"vertical-align: inherit;\">FINALIDAD Y DOMINIO <\/span><br \/>\n<span style=\"vertical-align: inherit;\">Utilizamos Google Analytics, una herramienta de an\u00e1lisis web de Google que permite informarnos sobre c\u00f3mo interact\u00faan los usuarios de nuestro sitio web. Asimismo, habilita cookies en el dominio del sitio donde se encuentra el Usuario y las utiliza para recopilar informaci\u00f3n de forma an\u00f3nima y elaborar informes de tendencias de la p\u00e1gina web sin identificar usuarios individuales. Puede consultar m\u00e1s informaci\u00f3n sobre las cookies de Google Analytics y su funcionamiento en el sitio web de\u00a0 <\/span><a href=\"https:\/\/developers.google.com\/analytics\/devguides\/collection\/analyticsjs\/cookie-usage?hl=es\"><span style=\"vertical-align: inherit;\">Google<\/span><\/a><\/p>\n<p><span style=\"vertical-align: inherit;\">Google NOM <\/span><br \/>\n<span style=\"vertical-align: inherit;\">(SAPISID, SID, APISID, SSID, HSID, SIDCC, NID, 1P_JAR, CONSEN, HSID, SAPISID, SID, NID, 1P_JAR, APISID, SSID, OGPC)<\/span><\/p>\n<p><span style=\"vertical-align: inherit;\">DURACI\u00d3N PREDETERMINADA <\/span><br \/>\n<span style=\"vertical-align: inherit;\">Persistentes<\/span><\/p>\n<p><span style=\"vertical-align: inherit;\">FINALIDAD Y DOMINIO <\/span><br \/>\n<span style=\"vertical-align: inherit;\">Google utiliza estas cookies para permanecer conectado a su cuenta de Google ya los productos relacionados, como Google Maps, Google+, YouTube o AdWords. Mientras permanezca con esta sesi\u00f3n activa y utilice complementos en otros sitios web como el nuestro, Google har\u00e1 uso de estas cookies para mejorar su experiencia de uso\u00a0 <\/span><a href=\"https:\/\/policies.google.com\/technologies\/types\"><span style=\"vertical-align: inherit;\">. M\u00e1s informaci\u00f3n:<\/span><\/a><\/p>\n<p><span style=\"vertical-align: inherit;\">NOM <\/span><br \/>\n<span style=\"vertical-align: inherit;\">Facebook <\/span><br \/>\n<span style=\"vertical-align: inherit;\">(fr, datr, lu)<\/span><\/p>\n<p><span style=\"vertical-align: inherit;\">DURACI\u00d3N PREDETERMINADA <\/span><br \/>\n<span style=\"vertical-align: inherit;\">Persistentes<\/span><\/p>\n<p><span style=\"vertical-align: inherit;\">FINALIDAD Y DOMINIO <\/span><br \/>\n<span style=\"vertical-align: inherit;\">Facebook utiliza las cookies para que el Usuario pueda compartir informaci\u00f3n, hacer \u00abMe gusta\u00bb, mostrar publicidad relacionada o identificarse en la web mediante Facebook.<\/span><\/p>\n<p><span style=\"vertical-align: inherit;\">Si desea tener m\u00e1s control sobre la instalaci\u00f3n de cookies, puede instalar programas o complementos en su navegador, conocidos como herramientas \u201cDo Not Track\u201d, que le permitir\u00e1n escoger aquellas que desea permitir.<\/span><\/p>\n<p><span style=\"vertical-align: inherit;\">M\u00e1s informaci\u00f3n sobre qui\u00e9nes somos, c\u00f3mo contactar con ellos y c\u00f3mo procesamos los datos personales, en nuestra <\/span><a href=\"\/es\/politica-de-privacitat\/\" target=\"_blank\" rel=\"noopener\"><span style=\"vertical-align: inherit;\">pol\u00edtica de privacidad<\/span><\/a><span style=\"vertical-align: inherit;\"> .<\/span><\/p>\n<p>&nbsp;<\/p>\n<p><strong><span style=\"vertical-align: inherit;\">\u00daltima actualizaci\u00f3n: Octubre 2022<\/span><\/strong><\/p>\n","protected":false},"excerpt":{"rendered":"<p>En este sitio web se utilizan cookies propias y de [&hellip;]<\/p>\n","protected":false},"author":1,"featured_media":0,"parent":0,"menu_order":0,"comment_status":"closed","ping_status":"closed","template":"100-width.php","meta":{"footnotes":""},"class_list":["post-3046","page","type-page","status-publish","hentry"],"_links":{"self":[{"href":"https:\/\/alemany.com\/lotsdenadal\/es\/wp-json\/wp\/v2\/pages\/3046","targetHints":{"allow":["GET"]}}],"collection":[{"href":"https:\/\/alemany.com\/lotsdenadal\/es\/wp-json\/wp\/v2\/pages"}],"about":[{"href":"https:\/\/alemany.com\/lotsdenadal\/es\/wp-json\/wp\/v2\/types\/page"}],"author":[{"embeddable":true,"href":"https:\/\/alemany.com\/lotsdenadal\/es\/wp-json\/wp\/v2\/users\/1"}],"replies":[{"embeddable":true,"href":"https:\/\/alemany.com\/lotsdenadal\/es\/wp-json\/wp\/v2\/comments?post=3046"}],"version-history":[{"count":1,"href":"https:\/\/alemany.com\/lotsdenadal\/es\/wp-json\/wp\/v2\/pages\/3046\/revisions"}],"predecessor-version":[{"id":3047,"href":"https:\/\/alemany.com\/lotsdenadal\/es\/wp-json\/wp\/v2\/pages\/3046\/revisions\/3047"}],"wp:attachment":[{"href":"https:\/\/alemany.com\/lotsdenadal\/es\/wp-json\/wp\/v2\/media?parent=3046"}],"curies":[{"name":"wp","href":"https:\/\/api.w.org\/{rel}","templated":true}]}}