{"id":3052,"date":"2022-09-27T11:32:40","date_gmt":"2022-09-27T11:32:40","guid":{"rendered":"https:\/\/alemany.com\/lotsdenadal\/politica-de-privacitat\/"},"modified":"2022-10-06T13:10:43","modified_gmt":"2022-10-06T13:10:43","slug":"politica-de-privacidad","status":"publish","type":"page","link":"https:\/\/alemany.com\/lotsdenadal\/es\/politica-de-privacidad\/","title":{"rendered":"Pol\u00edtica de privacidad"},"content":{"rendered":"<p><span style=\"vertical-align: inherit;\"><span class=\"\" style=\"vertical-align: inherit;\">Esta pol\u00edtica de protecci\u00f3n de datos de TURRONS I MEL ALEMANY, SL se aplicar\u00e1 a la navegaci\u00f3n por nuestro sitio web delruscacasa.alemany.com, as\u00ed como a la compra de nuestros productos a trav\u00e9s de este espacio, y establece la forma de gestionar los datos personales que se recogen. <\/span>Es imprescindible que la lea y acepte para seguir navegando.<\/span><\/p>\n<h4><strong><span style=\"vertical-align: inherit;\">REGULACIONES LEGALES EN MATERIA DE PRIVACIDAD A LAS QUE SE ACOGE ESTE SITIO WEB<\/span><\/strong><\/h4>\n<p><span style=\"vertical-align: inherit;\">Este sitio web est\u00e1 adecuado a las exigencias de la Ley Org\u00e1nica 3\/2018, de 5 de diciembre, de Protecci\u00f3n de Datos Personales y Garant\u00eda de Derechos Digitales (LOPDGDD). Cumple tambi\u00e9n el Reglamento (UE) 2016\/679, del Parlamento Europeo y del Consejo, de 27 de abril, relativo a la protecci\u00f3n de las personas f\u00edsicas (RGPD), as\u00ed como a la Ley 34\/2002, de 11 de julio , de Servicios de la Sociedad de la Informaci\u00f3n y el Comercio Electr\u00f3nico (LSSICE o LSSI).<\/span><\/p>\n<h4><strong><span style=\"vertical-align: inherit;\">\u00bfQUI\u00c9N ES EL RESPONSABLE DEL TRATAMIENTO DE SUS DATOS PERSONALES?<\/span><\/strong><\/h4>\n<p><span style=\"vertical-align: inherit;\"><span class=\"\" style=\"vertical-align: inherit;\">TURRONS I MEL ALEMANY<\/span>, SL, con domicilio en Os de Balaguer (Lleida), C\/ Barcelona 4, inscrita en el Registro Mercantil de Lleida, en el tomo 52, folio l929, inscripci\u00f3n 1a, CIF B25261496, y direcci\u00f3n de correo electr\u00f3nico hola@alemany.com (en adelante, \u201c<span class=\"\" style=\"vertical-align: inherit;\">TURRONS I MEL ALEMANY<\/span>\u201d).<\/span><\/p>\n<p><span style=\"vertical-align: inherit;\">Delegado de Protecci\u00f3n de Datos: montse@alemany.com<\/span><\/p>\n<h4><strong><span style=\"vertical-align: inherit;\">LEGITIMACI\u00d3N PARA EL TRATAMIENTO DE SUS DATOS<\/span><\/strong><\/h4>\n<p><span style=\"vertical-align: inherit;\">La base legal para el tratamiento de sus datos es\u00a0 <\/span><strong><span style=\"vertical-align: inherit;\">su consentimiento.<\/span><\/strong><\/p>\n<p><span style=\"vertical-align: inherit;\">Para suscribirse, contactar o hacer comentarios en esta web es necesario el consentimiento a esta pol\u00edtica de privacidad.<\/span><\/p>\n<p><span style=\"vertical-align: inherit;\">La oferta prospectiva o comercial de productos est\u00e1 basada en el consentimiento que se le solicita, sin que en ning\u00fan caso la retirada de este consentimiento condicione la ejecuci\u00f3n del contrato de suscripci\u00f3n.<\/span><\/p>\n<p><span style=\"vertical-align: inherit;\">La base legal para el tratamiento de los datos de las personas que adquieran productos ofrecidos por <span class=\"\" style=\"vertical-align: inherit;\">TURRONS I MEL ALEMANY<\/span> en este sitio web es\u00a0 <\/span><strong><span style=\"vertical-align: inherit;\">la ejecuci\u00f3n del contrato de venta online<\/span><\/strong><span style=\"vertical-align: inherit;\"> .<\/span><\/p>\n<h4><strong><span style=\"vertical-align: inherit;\">CATEGOR\u00cdAS DE DATOS<\/span><\/strong><\/h4>\n<p><span style=\"vertical-align: inherit;\">Las categor\u00edas de datos que se tratan son identificativas, concretamente, nombre de usuario, nombre y apellidos, direcci\u00f3n, tel\u00e9fono, correo electr\u00f3nico y direcci\u00f3n IP.<\/span><\/p>\n<h4><\/h4>\n<h4><strong><span style=\"vertical-align: inherit;\">DATOS DE INFORMACI\u00d3N COMERCIAL<\/span><\/strong><\/h4>\n<p><span style=\"vertical-align: inherit;\">No se tratan categor\u00edas de datos econ\u00f3micos o financieros ni tampoco datos especialmente protegidos.<\/span><\/p>\n<h4><strong><span style=\"vertical-align: inherit;\">\u00bfQU\u00c9 DATOS PERSONALES RECOGEMOS SOBRE USTED?<\/span><\/strong><\/h4>\n<ul>\n<li><span style=\"vertical-align: inherit;\">De identificaci\u00f3n. Nombre y apellidos, fecha de nacimiento, direcci\u00f3n postal, correo electr\u00f3nico y tel\u00e9fono.<\/span><\/li>\n<li><span style=\"vertical-align: inherit;\">Informaci\u00f3n de pagos. Los pagos de nuestros productos se gestionan a trav\u00e9s de la pasarela de pagos segura de Pay Comet o PayPal, por lo que <span class=\"\" style=\"vertical-align: inherit;\">TURRONS I MEL ALEMANY<\/span> no recoge ning\u00fan dato personal de esta naturaleza.<\/span><\/li>\n<li><span style=\"vertical-align: inherit;\">Cualquier dato que usted, de forma voluntaria, nos env\u00ede a nuestra direcci\u00f3n de correo electr\u00f3nico hola@alemany.com.<\/span><\/li>\n<li><span style=\"vertical-align: inherit;\">Las que usted nos facilite mediante nuestros formularios de suscripci\u00f3n a las newsletters o al bolet\u00edn.<\/span><\/li>\n<li><span style=\"vertical-align: inherit;\">Cualquier informaci\u00f3n que usted, de forma voluntaria, comparta p\u00fablicamente en las redes sociales de <span class=\"\" style=\"vertical-align: inherit;\">TURRONS I MEL ALEMANY<\/span>. Esta informaci\u00f3n estar\u00e1 sujeta a la pol\u00edtica de privacidad de la red social en la que la comparta, por lo que le recomendamos que revise la configuraci\u00f3n de privacidad de su perfil.<\/span><\/li>\n<\/ul>\n<h4><strong><span style=\"vertical-align: inherit;\">SISTEMAS DE CAPTURA DE INFORMACI\u00d3N QUE HACE SERVIR ESTE SITIO WEB<\/span><\/strong><\/h4>\n<ul>\n<li><span style=\"vertical-align: inherit;\">Formulario de suscripci\u00f3n: en el sitio web, hay formularios para activar la suscripci\u00f3n. Una vez suscrito, el Usuario encontrar\u00e1 un correo electr\u00f3nico de confirmaci\u00f3n en su buz\u00f3n, que deber\u00e1 certificar para poder validar su direcci\u00f3n de correo electr\u00f3nico. Los datos facilitados ser\u00e1n utilizados \u00fanicamente para enviar newsletters y mantener al Usuario actualizado sobre nuestras novedades y ofertas puntuales exclusivas para suscriptores.<\/span><\/li>\n<li><span style=\"vertical-align: inherit;\">Formulario de venta: tambi\u00e9n tratamos datos personales para la compra por parte del Usuario de nuestros productos para poder gestionar el pedido, el pago y todas las operaciones relacionadas con la compra del\/los producto\/s escogido\/s. Esto incluye el env\u00edo por nuestra parte de correos electr\u00f3nicos de seguimiento, respuestas a consultas sobre el pedido, facturas, recibos, etc.<\/span><\/li>\n<li><span style=\"vertical-align: inherit;\">Cookies: cuando un usuario se graba y navega por el sitio web, se almacenan cookies, o cookies, en su dispositivo. El Usuario puede consultar cuando lo desee la <\/span><a href=\"\/lotsdenadal\/es\/politica-de-cookies\/\" target=\"_blank\" rel=\"noopener\"><span style=\"vertical-align: inherit;\">pol\u00edtica de cookies<\/span><\/a><span style=\"vertical-align: inherit;\"> para ampliar la informaci\u00f3n sobre su uso y c\u00f3mo desactivarlas.<\/span><\/li>\n<\/ul>\n<h4><strong><span style=\"vertical-align: inherit;\">\u00bfTRATAMOS DATOS DE MENORES?<\/span><\/strong><\/h4>\n<p><span style=\"vertical-align: inherit;\">La informaci\u00f3n y venta de nuestros productos no van dirigidas a menores de edad. Sin embargo, los menores de 16 a\u00f1os que quieran registrarse en nuestra web y\/o adquirir nuestros productos deben tener la autorizaci\u00f3n de padre, madre, tutor\/ao representante legal.<\/span><\/p>\n<p><span style=\"vertical-align: inherit;\">Asimismo, en caso de que usted comparta en nuestras redes sociales im\u00e1genes en las que aparezcan menores de 16 a\u00f1os, debe asegurarse de tener previamente la autorizaci\u00f3n del padre, madre, tutor\/ao representante legal del menor.<\/span><\/p>\n<p><span style=\"vertical-align: inherit;\"><span class=\"\" style=\"vertical-align: inherit;\">TURRONS I MEL ALEMANY<\/span> se reserva el derecho a solicitarle en cualquier momento la acreditaci\u00f3n de la autorizaci\u00f3n.<\/span><\/p>\n<h4><strong><span style=\"vertical-align: inherit;\">\u00bfPARA QU\u00c9 TRATAMOS SUS DATOS PERSONALES?<\/span><\/strong><\/h4>\n<p><span style=\"vertical-align: inherit;\"><span class=\"\" style=\"vertical-align: inherit;\">TURRONS I MEL ALEMANY<\/span> utilizar\u00e1 sus datos personales con las siguientes finalidades:<\/span><\/p>\n<ul>\n<li><span style=\"vertical-align: inherit;\">Facilitarle la informaci\u00f3n que solicite sobre nuestros productos.<\/span><\/li>\n<li><span style=\"vertical-align: inherit;\">Darle de alta como usuario de nuestro sitio web.<\/span><\/li>\n<li><span style=\"vertical-align: inherit;\">Garantizar la correcta tramitaci\u00f3n de su pedido en caso de que adquiera alguno de nuestros productos.<\/span><\/li>\n<li><span style=\"vertical-align: inherit;\">Enviarle correos electr\u00f3nicos de informaci\u00f3n comercial, promociones y descuentos especiales para suscriptores.<\/span><\/li>\n<\/ul>\n<p><span style=\"vertical-align: inherit;\"><span class=\"\" style=\"vertical-align: inherit;\">TURRONS I MEL ALEMANY<\/span> utiliza sus redes sociales para publicitar sus productos. En este sentido, en el momento de compartir sus datos en nuestras redes sociales, usted consiente expresamente y nos autoriza a reproducirlos ya comunicarlos p\u00fablicamente en estas redes con las finalidades antes expresadas.<\/span><\/p>\n<p><span style=\"vertical-align: inherit;\">Usted podr\u00e1 revocar este consentimiento en cualquier momento mediante el env\u00edo de un correo electr\u00f3nico a la siguiente direcci\u00f3n: montse@alemany.com.<\/span><\/p>\n<p><span style=\"vertical-align: inherit;\">En caso de que no est\u00e9 interesado en el tratamiento de sus datos a trav\u00e9s de las redes sociales de <span class=\"\" style=\"vertical-align: inherit;\">TURRONS I MEL ALEMANY<\/span> en los t\u00e9rminos expresados \u200b\u200bcon anterioridad, rogamos se abstenga de compartirlos.<\/span><\/p>\n<p><span style=\"vertical-align: inherit;\">En caso de que <span class=\"\" style=\"vertical-align: inherit;\">TURRONS I MEL ALEMANY<\/span> necesite tratar sus datos con fines distintos a los mencionados anteriormente, solicitar\u00e1 su consentimiento expreso para ello, que podr\u00e1 revocar en cualquier momento de forma unilateral.<\/span><\/p>\n<h4><strong><span style=\"vertical-align: inherit;\">BOLETINES INFORMATIVOS Y COMUNICACIONES COMERCIALES<\/span><\/strong><\/h4>\n<p><span style=\"vertical-align: inherit;\">De acuerdo con la LSSICE, y esencialmente por propia convicci\u00f3n, <span class=\"\" style=\"vertical-align: inherit;\">TURRONS I MEL ALEMANY<\/span> no realiza pr\u00e1cticas de spam, por tanto, no env\u00eda correos comerciales por v\u00eda electr\u00f3nica que no hayan sido previamente solicitados o autorizados por el Usuario.<\/span><\/p>\n<p><span style=\"vertical-align: inherit;\"><span class=\"\" style=\"vertical-align: inherit;\">TURRONS I MEL ALEMANY<\/span> podr\u00e1 enviar boletines informativos y comunicaciones comerciales a aquellos usuarios que hayan otorgado previamente su consentimiento expreso. La informaci\u00f3n de estos boletines y comunicaciones consistir\u00e1 en informaci\u00f3n comercial, contenidos destacados, consejos relevantes sobre el funcionamiento del sistema y promociones.<\/span><\/p>\n<p><span style=\"vertical-align: inherit;\">El Usuario tendr\u00e1 la posibilidad de solicitar el cese del env\u00edo de estos boletines y comunicaciones en los t\u00e9rminos previstos en la Ley 34\/2002, de 11 de julio, de Servicios de la Sociedad de la Informaci\u00f3n, y de revocar su consentimiento de forma unilateral, tambi\u00e9n en cualquier momento, mediante el env\u00edo de un correo electr\u00f3nico a la siguiente direcci\u00f3n, montse@alemany.com, o d\u00e1ndose de baja directamente al pie de los boletines enviados, al apartado \u201cUnsubscribe\u201d o \u201cDarme de baja\u201d.<\/span><\/p>\n<h4><strong><span style=\"vertical-align: inherit;\">SERVICIOS OFRECIDOS POR TERCEROS EN ESTE SITIO WEB<\/span><\/strong><\/h4>\n<p><span style=\"vertical-align: inherit;\">Proveedores de servicios externos, como, por ejemplo, de procesamiento de pago y pedidos, an\u00e1lisis, gesti\u00f3n de campa\u00f1as de marketing, gesti\u00f3n de sitios web y distribuci\u00f3n de correo electr\u00f3nico y otros proveedores de servicios similares, para que puedan realizar funciones comerciales en nombre de <span class=\"\" style=\"vertical-align: inherit;\">TURRONS I MEL ALEMANY<\/span>.<\/span><\/p>\n<p><span style=\"vertical-align: inherit;\">Sus datos personales podr\u00e1n ser comunicados tambi\u00e9n a destinatarios ubicados en pa\u00edses fuera del Espacio Econ\u00f3mico Europeo, incluyendo a aquellos que no proporcionan un nivel de protecci\u00f3n de datos equivalente al de la Uni\u00f3n. Sin embargo, en estos casos, ser\u00e1n tratadas con escrupuloso cumplimiento de la legislaci\u00f3n europea y espa\u00f1ola, y se implementar\u00e1n las garant\u00edas indicadas a continuaci\u00f3n:<\/span><\/p>\n<p><span style=\"vertical-align: inherit;\">\u2022\u00a0 <\/span><strong><span style=\"vertical-align: inherit;\">Servicios de mensajer\u00eda<\/span><\/strong><span style=\"vertical-align: inherit;\"> \u00a0y env\u00edo de boletines: los boletines electr\u00f3nicos o newsletters est\u00e1n gestionados por Mailchimp. Al utilizar los servicios de esta plataforma para la realizaci\u00f3n de campa\u00f1as de marketing por correo electr\u00f3nico, gesti\u00f3n de suscripciones y env\u00edo de boletines, debe saber que Mailchimp tiene sus servidores alojados fuera de la UE, en EE.UU., y se acoge en el acuerdo EU-US Privacy Shield \u2014la informaci\u00f3n est\u00e1 disponible\u00a0 <\/span><a href=\"https:\/\/www.privacyshield.gov\/list\"><span style=\"vertical-align: inherit;\">aqu\u00ed\u2014<\/span><\/a><span style=\"vertical-align: inherit;\"> \u00a0, aprobado por el Comit\u00e9 Europeo de Protecci\u00f3n: Mail Chimp. 675 Ponce de Le\u00f3n Ave NE, Suite 5000 Atlanta, GA 30308.<\/span><\/p>\n<p><span style=\"vertical-align: inherit;\"><span class=\"\" style=\"vertical-align: inherit;\">\u2022\u00a0 <\/span><\/span><strong><span style=\"vertical-align: inherit;\"><span class=\"\" style=\"vertical-align: inherit;\">Servicio de an\u00e1lisis<\/span><\/span><\/strong><span style=\"vertical-align: inherit;\"><span class=\"\" style=\"vertical-align: inherit;\"> : Google Analytics, un servicio anal\u00edtico de web prestado por Google, Inc., una compa\u00f1\u00eda de Delaware, con oficina principal en 1600 Amphitheatre Parkway, Mountain View (California), CA 94043, Estados Unidos (\u201cGoogle\u201d) . <\/span>Google Analytics utiliza cookies, unos archivos de texto ubicados en su ordenador para ayudar a <span class=\"\" style=\"vertical-align: inherit;\">TURRONS I MEL ALEMANY<\/span> a analizar el uso que hacen los usuarios del sitio web. La informaci\u00f3n que generan las cookies sobre el uso del sitio web delruscacasa.alemany.com (incluyendo su direcci\u00f3n IP) ser\u00e1 directamente transmitida y archivada por Google en los servidores de Estados Unidos.<\/span><\/p>\n<p><span style=\"vertical-align: inherit;\">\u2022\u00a0<\/span><strong><span style=\"vertical-align: inherit;\">PayPal<\/span><\/strong><span style=\"vertical-align: inherit;\">: en caso de compra de infoproductos, si decide pagar a trav\u00e9s de PayPal, sus datos personales se enviar\u00e1n a PayPal. La condici\u00f3n previa para utilizar PayPal es tener una cuenta con ellos. El fundamento jur\u00eddico para la transmisi\u00f3n de los datos es el art\u00edculo 6, apartado 1, letra a) del RGPD (consentimiento) y el art\u00edculo 6, apartado 1, letra b) del RGPD (procesamiento para el cumplimiento de un contrato). El operador del servicio de pago de PayPal es: PayPal (Europa) SA rl et Cie, SCA 22-24 Boulevard Royall-2449 Luxemburgo. Al utilizar la opci\u00f3n de pago PayPal, otorga su consentimiento para que se transmitan sus datos personales, tales como nombre, direcci\u00f3n postal, n\u00famero de tel\u00e9fono y correo electr\u00f3nico, a PayPal. Los datos que PayPal recoge se deducen de la correspondiente declaraci\u00f3n de protecci\u00f3n de datos de PayPal.\u00a0<\/span><a href=\"http:\/\/www.paypal.com\/de\/webapps\/mpp\/ua\/privacy-full.\"><span style=\"vertical-align: inherit;\">aqu\u00ed<\/span><\/a><span style=\"vertical-align: inherit;\">.<\/span><\/p>\n<p><span style=\"vertical-align: inherit;\">Para prestar servicios estrictamente necesarios para el desarrollo de nuestra actividad, utilizamos los siguientes prestamistas con sus correspondientes condiciones de privacidad:<\/span><\/p>\n<p><span style=\"vertical-align: inherit;\">\u2022\u00a0 <\/span><strong><span style=\"vertical-align: inherit;\">PAYTPV ON LINE ENTIDAD DE PAGO SL<\/span><\/strong><span style=\"vertical-align: inherit;\"> , en adelante \u201cPay Comet\u201d. Utilizamos la pasarela de pagos Pay Comet para gestionar el pago de pedidos por parte de nuestros clientes mediante tarjeta de d\u00e9bito o cr\u00e9dito. Pay Comet ofrece servicios que permiten a las plataformas ya los comerciantes operar negocios y realizar transacciones de pago online de forma segura. El fundamento jur\u00eddico para la transmisi\u00f3n de los datos es el art\u00edculo 6, apartado 1, letra a) del RGPD (consentimiento) y el art\u00edculo 6, apartado 1, letra b) del RGPD (procesamiento para el cumplimiento de un contrato). Pay Comet cumple con las leyes aplicables para proporcionar un nivel adecuado de protecci\u00f3n de datos para la transferencia de sus datos personales.<\/span><\/p>\n<p><span style=\"vertical-align: inherit;\">\u2022\u00a0 <\/span><strong><span style=\"vertical-align: inherit;\">Arsys Internet SLU<\/span><\/strong><span style=\"vertical-align: inherit;\"> \u00a0Nuestro hosting es 100% espa\u00f1ol y 100% seguro. Utiliza protocolos SSL (Secure Sockets Layer, capa de conexi\u00f3n segura). Es la tecnolog\u00eda de seguridad est\u00e1ndar utilizada en Internet para establecer una conexi\u00f3n segura (encriptada) entre un servidor (sitio web) y su navegador (por ejemplo, Internet Explorer, Chrome, Firefox, etc.). Esta conexi\u00f3n segura garantiza que todos los datos transmitidos desde el navegador al servidor permanecer\u00e1n privados y a salvo de los hackers o cualquier persona que intente espiar\/robar esta informaci\u00f3n. Uno de los usos m\u00e1s comunes del SSL es la protecci\u00f3n de datos de un cliente durante una transacci\u00f3n online gracias al cifrado de datos.<\/span><\/p>\n<p><span style=\"vertical-align: inherit;\">\u2022 Plataforma web:\u00a0 <\/span><strong><span style=\"vertical-align: inherit;\">WordPress.org<\/span><\/strong><span style=\"vertical-align: inherit;\"> \u00a0(m\u00e1s informaci\u00f3n en\u00a0 <\/span><a href=\"https:\/\/wordpress.org\/\"><span style=\"vertical-align: inherit;\">https:\/\/wordpress.org\/<\/span><\/a><span style=\"vertical-align: inherit;\"> ) trata los datos con el fin de realizar sus servicios de apoyo a delruscacasa.alemany.com<\/span><\/p>\n<p><span style=\"vertical-align: inherit;\">\u2022 Plataforma web:\u00a0 <\/span><strong><span style=\"vertical-align: inherit;\">Prestashop.com<\/span><\/strong><span style=\"vertical-align: inherit;\"> \u00a0(m\u00e1s informaci\u00f3n en\u00a0 <\/span><a href=\"https:\/\/www.prestashop.com\/es\"><span style=\"vertical-align: inherit;\">https:\/\/www.prestashop.com\/es\/<\/span><\/a><span style=\"vertical-align: inherit;\"> ) trata los datos con el fin de realizar sus servicios de apoyo a alemany.com\/shop\/.<\/span><\/p>\n<h4><strong><span style=\"vertical-align: inherit;\">\u00bfCU\u00c1NTO TIEMPO CONSERVAMOS SUS DATOS?<\/span><\/strong><\/h4>\n<p><span style=\"vertical-align: inherit;\">Sus datos personales ser\u00e1n conservados el tiempo que sea necesario para cumplir con los fines para los que fueron recogidos. Transcurrido este tiempo, <span class=\"\" style=\"vertical-align: inherit;\">TURRONS I MEL ALEMANY<\/span> proceder\u00e1 a suprimirlas de sus sistemas, sin perjuicio de la posibilidad de conservarlas, limitando su tratamiento al ejercicio y defensa de reclamaciones en los t\u00e9rminos previstos por la legislaci\u00f3n aplicable.<\/span><\/p>\n<h4><strong><span style=\"vertical-align: inherit;\">\u00bfCU\u00c1LES SON SUS DERECHOS?<\/span><\/strong><\/h4>\n<p><span style=\"vertical-align: inherit;\">Usted podr\u00e1 ejercitar los derechos que se enumeran a continuaci\u00f3n mediante el env\u00edo de un correo electr\u00f3nico a la siguiente direcci\u00f3n: montse@alemany.com.<\/span><\/p>\n<ul>\n<li><span style=\"vertical-align: inherit;\">Solicitar, en cualquier momento, que <span class=\"\" style=\"vertical-align: inherit;\">TURRONS I MEL ALEMANY<\/span> le confirme si est\u00e1 tratando sus datos personales o no.<\/span><\/li>\n<li><span style=\"vertical-align: inherit;\">Acceder a sus datos personales, solicitar la rectificaci\u00f3n de los que sean inexactos o, en su caso, solicitar su supresi\u00f3n cuando, entre otras causas, ya no sean necesarios para las finalidades para las que se pidieron .<\/span><\/li>\n<li><span style=\"vertical-align: inherit;\">En determinados casos, solicitar la limitaci\u00f3n del tratamiento de sus datos. En este supuesto, s\u00f3lo las conservaremos para el ejercicio o defensa de reclamaciones.<\/span><\/li>\n<li><span style=\"vertical-align: inherit;\">En algunas circunstancias, oponerse al tratamiento de sus datos.<\/span><\/li>\n<li><span style=\"vertical-align: inherit;\">Solicitar la portabilidad de sus datos.<\/span><\/li>\n<li><span style=\"vertical-align: inherit;\"><span class=\"\" style=\"vertical-align: inherit;\">Revocar el consentimiento que, en su caso, usted haya otorgado para el tratamiento de sus datos por parte de TURRONS I MEL ALEMANY.<\/span><\/span><\/li>\n<li><span style=\"vertical-align: inherit;\">Presentar una reclamaci\u00f3n ante la Agencia Espa\u00f1ola de Protecci\u00f3n de Datos.<\/span><\/li>\n<\/ul>\n<h4><strong><span style=\"vertical-align: inherit;\">ACEPTACI\u00d3N Y CONSENTIMIENTO<\/span><\/strong><\/h4>\n<p><span style=\"vertical-align: inherit;\">El Usuario declara haber sido informado de las condiciones sobre protecci\u00f3n de datos de car\u00e1cter personal, aceptando y consintiendo su tratamiento por parte de <span class=\"\" style=\"vertical-align: inherit;\">TURRONS I MEL ALEMANY<\/span> en la forma y para las finalidades indicadas en esta pol\u00edtica de privacidad.<\/span><\/p>\n<h4><strong><span style=\"vertical-align: inherit;\">REVOCABILITAT<\/span><\/strong><\/h4>\n<p><span style=\"vertical-align: inherit;\">El consentimiento ofrecido, tanto para el tratamiento como para la cesi\u00f3n de los datos de los interesados, es revocable en cualquier momento comunic\u00e1ndolo a <span class=\"\" style=\"vertical-align: inherit;\">TURRONS I MEL ALEMANY<\/span> en los t\u00e9rminos que establece esta pol\u00edtica para el ejercicio de los derechos ARCO (Acceso, Rectificaci\u00f3n, Cancelaci\u00f3n u Oposici\u00f3n). Esta revocaci\u00f3n no tiene en ning\u00fan caso car\u00e1cter retroactivo.<\/span><\/p>\n<h4><strong><span style=\"vertical-align: inherit;\">CAMBIOS EN ESTA POL\u00cdTICA DE PRIVACIDAD<\/span><br \/>\n<\/strong><\/h4>\n<p><span style=\"vertical-align: inherit;\"><span class=\"\" style=\"vertical-align: inherit;\">TURRONS I MEL ALEMANY<\/span> se reserva el derecho a modificar esta pol\u00edtica para adaptarla a novedades legislativas o jurisprudenciales, as\u00ed como a pr\u00e1cticas de la industria. <span class=\"\" style=\"vertical-align: inherit;\">En estos supuestos, el prestamista anunciar\u00e1 en esta p\u00e1gina los cambios introducidos con una antelaci\u00f3n razonable a la puesta en pr\u00e1ctica.<\/span><\/span><\/p>\n<p><strong><span style=\"vertical-align: inherit;\">\u00daltima actualizaci\u00f3n: octubre 2022<\/span><\/strong><\/p>\n","protected":false},"excerpt":{"rendered":"<p>Esta pol\u00edtica de protecci\u00f3n de datos de TURRONS I MEL [&hellip;]<\/p>\n","protected":false},"author":1,"featured_media":0,"parent":0,"menu_order":0,"comment_status":"closed","ping_status":"closed","template":"100-width.php","meta":{"footnotes":""},"class_list":["post-3052","page","type-page","status-publish","hentry"],"_links":{"self":[{"href":"https:\/\/alemany.com\/lotsdenadal\/es\/wp-json\/wp\/v2\/pages\/3052","targetHints":{"allow":["GET"]}}],"collection":[{"href":"https:\/\/alemany.com\/lotsdenadal\/es\/wp-json\/wp\/v2\/pages"}],"about":[{"href":"https:\/\/alemany.com\/lotsdenadal\/es\/wp-json\/wp\/v2\/types\/page"}],"author":[{"embeddable":true,"href":"https:\/\/alemany.com\/lotsdenadal\/es\/wp-json\/wp\/v2\/users\/1"}],"replies":[{"embeddable":true,"href":"https:\/\/alemany.com\/lotsdenadal\/es\/wp-json\/wp\/v2\/comments?post=3052"}],"version-history":[{"count":2,"href":"https:\/\/alemany.com\/lotsdenadal\/es\/wp-json\/wp\/v2\/pages\/3052\/revisions"}],"predecessor-version":[{"id":3058,"href":"https:\/\/alemany.com\/lotsdenadal\/es\/wp-json\/wp\/v2\/pages\/3052\/revisions\/3058"}],"wp:attachment":[{"href":"https:\/\/alemany.com\/lotsdenadal\/es\/wp-json\/wp\/v2\/media?parent=3052"}],"curies":[{"name":"wp","href":"https:\/\/api.w.org\/{rel}","templated":true}]}}