{"id":2803,"date":"2022-09-27T11:17:20","date_gmt":"2022-09-27T11:17:20","guid":{"rendered":"https:\/\/alemany.com\/lotsdenadal\/?page_id=2803"},"modified":"2022-10-06T11:53:35","modified_gmt":"2022-10-06T11:53:35","slug":"avis-legal","status":"publish","type":"page","link":"https:\/\/alemany.com\/lotsdenadal\/avis-legal\/","title":{"rendered":"Av\u00eds Legal"},"content":{"rendered":"<div class=\"fusion-fullwidth fullwidth-box fusion-builder-row-1 fusion-flex-container nonhundred-percent-fullwidth non-hundred-percent-height-scrolling\" style=\"background-color: rgba(255,255,255,0);background-position: center center;background-repeat: no-repeat;border-width: 0px 0px 0px 0px;border-color:var(--awb-color3);border-style:solid;\" ><div class=\"fusion-builder-row fusion-row fusion-flex-align-items-flex-start\" style=\"max-width:1456px;margin-left: calc(-4% \/ 2 );margin-right: calc(-4% \/ 2 );\"><div class=\"fusion-layout-column fusion_builder_column fusion-builder-column-0 fusion_builder_column_1_1 1_1 fusion-flex-column\"><div class=\"fusion-column-wrapper fusion-flex-justify-content-flex-start fusion-content-layout-column\" style=\"background-position:left top;background-repeat:no-repeat;-webkit-background-size:cover;-moz-background-size:cover;-o-background-size:cover;background-size:cover;padding: 0px 0px 0px 0px;\"><div class=\"fusion-text fusion-text-1\"><p>Benvingut a la p\u00e0gina web d\u2019Alemany.<\/p>\n<p>A continuaci\u00f3, li exposem les condicions d\u2019\u00fas de la p\u00e0gina web. La navegaci\u00f3 per aquesta p\u00e0gina Web li atorga el rol d\u2019usuari en la mateixa i, per tant accepta les cl\u00e0usules detallades en aquest document.<\/p>\n<h3><strong>AV\u00cdS LEGAL I CONDICIONS D&#8217;\u00daS<\/strong><\/h3>\n<p>Aquest av\u00eds legal i aquestes condicions generals regulen l\u2019\u00fas del lloc web <span style=\"vertical-align: inherit;\">alemany.com\/lotsdenadal\/<\/span>.<\/p>\n<h4>RESPONSABLE LEGAL D&#8217;AQUEST LLOC WEB<\/h4>\n<p>En compliment de la Llei 34\/2002, d\u201911 de juliol, de Serveis de la Societat de la Informaci\u00f3 i del Comer\u00e7 Electr\u00f2nic, l\u2019informem:<br \/>\nRa\u00f3 social: Torrons i Mel Alemany, SL<br \/>\nCIF: B25261496<br \/>\nAdre\u00e7a: C\/ Barcelona 4, 25610 &#8211; Os de Balaguer (Lleida)<br \/>\nAdre\u00e7a electr\u00f2nica:\u00a0info@alemany.com<\/p>\n<h4><strong>OBJECTE<\/strong><\/h4>\n<p>Aquestes condicions generals regulen l\u2019\u00fas (incloent-hi l\u2019acc\u00e9s) de les p\u00e0gines web que integren el lloc web <span style=\"vertical-align: inherit;\">alemany.com\/lotsdenadal\/<\/span>, inclosos els continguts i els serveis que t\u00e9 a disposici\u00f3.<br \/>\nTothom que accedeixi al lloc web <span style=\"vertical-align: inherit;\">alemany.com\/lotsdenadal\/<\/span> (\u201cUsuari\u201d) accepta sotmetre\u2019s a les condicions generals vigents cada moment que hi accedeixi.<br \/>\nTORRONS I MEL ALEMANY, SL es reserva el dret a modificar, en qualsevol moment i sense necessitat d\u2019av\u00eds previ, la presentaci\u00f3 i la configuraci\u00f3 del lloc web <span style=\"vertical-align: inherit;\">alemany.com\/lotsdenadal\/<\/span>, aix\u00ed com les condicions generals.<\/p>\n<h4><strong>FINALITAT DEL LLOC WEB<\/strong><\/h4>\n<p><span style=\"vertical-align: inherit;\">alemany.com\/lotsdenadal\/<\/span> \u00e9s un lloc web de venda en l\u00ednia de mel fresca de temporada per subscripci\u00f3 de TORRONS I MEL ALEMANY, SL.<\/p>\n<h4><strong>\u00daS DE ALEMANY.COM\/LOTSDENADAL<\/strong><\/h4>\n<p>Els continguts desenvolupats al lloc web s\u00f3n responsabilitat plena i exclusiva de TORRONS I MEL ALEMANY, SL, aix\u00ed com la titularitat de qualsevol dret sobre aquests.<\/p>\n<p>L\u2019USUARI ACCEPTA QUE:<\/p>\n<p>\u2022 Nom\u00e9s podr\u00e0 fer \u00fas del lloc web per fer consultes o sol\u00b7licituds legalment v\u00e0lides.<\/p>\n<p>\u2022 No podr\u00e0 realitzar cap sol\u00b7licitud especulativa, falsa o fraudulenta. Si tenim motius raonables per considerar que s\u2019ha fet una sol\u00b7licitud d\u2019aquesta \u00edndole, estarem autoritzats a anul\u00b7lar-la i a informar-ne les autoritats pertinents.<\/p>\n<p>\u2022 S\u2019obliga tamb\u00e9 a facilitar de manera certa i correcta la seva adre\u00e7a de correu electr\u00f2nic, adre\u00e7a postal i\/o altres dades de contacte, i consent que podrem fer \u00fas d\u2019aquesta informaci\u00f3 per posar-nos en contacte amb l\u2019usuari, si escau (per a m\u00e9s informaci\u00f3, llegeixi la nostra \u201c<a href=\"\/lotsdenadal\/politica-de-privacitat\/\" target=\"_blank\" rel=\"noopener\">Pol\u00edtica de privacitat<\/a>\u201d).<\/p>\n<p>\u2022 Si l\u2019Usuari no facilita tota la informaci\u00f3 que necessitem, no podrem gestionar cap sol\u00b7licitud o consulta.<\/p>\n<p>\u2022 En fer una consulta, sol\u00b7licitud o compra a trav\u00e9s d\u2019aquest lloc web, l\u2019Usuari garanteix que t\u00e9 m\u00e9s de 16 anys i que disposa de la corresponent autoritzaci\u00f3 de pare, mare o tutor (m\u00e9s informaci\u00f3, a l\u2019apartat \u201c<a href=\"\/lotsdenadal\/politica-de-privacitat\/\" target=\"_blank\" rel=\"noopener\">Pol\u00edtica de privacitat<\/a>\u201d).<\/p>\n<p>\u2022 En la utilitzaci\u00f3 del portal <span style=\"vertical-align: inherit;\">alemany.com\/lotsdenadal\/<\/span>, l\u2019Usuari es compromet a no dur a terme cap conducta que pogu\u00e9s malmetre la imatge, els interessos i els drets de TORRONS I MEL ALEMANY, SL, o de tercers, que pogu\u00e9s danyar, inutilitzar, sobrecarregar el lloc web alemany.com o que imped\u00eds, de qualsevol forma, la normal utilitzaci\u00f3 del lloc web.<\/p>\n<h4><strong>NAVEGACI\u00d3 I ADRE\u00c7A IP<\/strong><\/h4>\n<p>Durant la navegaci\u00f3 pel lloc web, la participaci\u00f3 a trav\u00e9s de comentaris en els articles, aix\u00ed com a l\u2019hora d\u2019utilitzar el formulari de contacte, es registra l\u2019adre\u00e7a IP de l\u2019equip de l\u2019Usuari. Aquesta dada servir\u00e0 nom\u00e9s per fer estad\u00edstiques de visites.<br \/>\nComentaris en articles. L\u2019Usuari podr\u00e0 publicar comentaris en aquells articles que aix\u00ed ho permetin. Les dades personals introdu\u00efdes al formulari per inserir aquests comentaris seran utilitzades exclusivament per moderar-los, publicar-los i respondre\u2019ls.<br \/>\nTORRONS I MEL ALEMANY, SL no es responsabilitza de les opinions de tercers al lloc web i es reserva el dret a esborrar qualsevol comentari que pugui resultar ofensiu, inadequat o denigrant, a m\u00e9s del de bloquejar i impedir els futurs comentaris provinents dels seus autors.<br \/>\nPer ampliar informaci\u00f3 sobre la nostra pol\u00edtica de protecci\u00f3 de dades i els seus drets, consulti la nostra <a href=\"\/lotsdenadal\/politica-de-privacitat\/\" target=\"_blank\" rel=\"noopener\">pol\u00edtica de privacitat<\/a>.<\/p>\n<h4><strong>CONTINGUTS<\/strong><\/h4>\n<p>Pel que fa als continguts d\u2019aquesta web, es prohibeix:<br \/>\n\u2022 Reproduir-la, distribuir-la o modificar-la, totalment o parcialment, llevat que es tingui l\u2019autoritzaci\u00f3 de TORRONS I MEL ALEMANY, SL.<br \/>\n\u2022 Qualsevol vulneraci\u00f3 dels drets del prestador o dels leg\u00edtims titulars.<br \/>\n\u2022 Emprar-la per a finalitats comercials o publicit\u00e0ries.<br \/>\n\u2022 Si vol utilitzar qualsevol dels continguts que s\u2019hi publiquen, cal comptar amb l\u2019autoritzaci\u00f3 expressa de TORRONS I MEL ALEMANY, SL.<\/p>\n<h4><strong>\u00daS I ACC\u00c9S D&#8217;USUARIS<\/strong><\/h4>\n<p>L\u2019Usuari queda informat i accepta que l\u2019acc\u00e9s a aquesta web no suposa, de cap manera, l\u2019inici d\u2019una relaci\u00f3 comercial amb TORRONS I MEL ALEMANY, SL o amb qualsevol de les seves delegacions.<br \/>\nQueda prohibit l\u2019\u00fas de la web amb finalitats il\u00b7l\u00edcites, lesives o que puguin causar perjudici o impedir el funcionament normal del lloc web.<\/p>\n<h4><strong>DRETS DE PROPIETAT INTEL\u00b7LECTUAL I INDUSTRIAL<\/strong><\/h4>\n<p>Els drets de propietat intel\u00b7lectual del contingut de les p\u00e0gines web, el disseny gr\u00e0fic i els codis s\u00f3n titularitat de TORRONS I MEL ALEMANY, SL i, per tant, en queda prohibida la reproducci\u00f3, distribuci\u00f3, comunicaci\u00f3 p\u00fablica, transformaci\u00f3 o qualsevol altra activitat que es pugui realitzar amb els continguts de les seves p\u00e0gines web, ni tan sols citant-ne les fonts, llevat del consentiment per escrit de TORRONS I MEL ALEMANY, SL.<br \/>\nL\u2019Usuari coneix i accepta que la totalitat del lloc web, que cont\u00e9, sense car\u00e0cter exhaustiu, el text, el programari, els continguts (incloent-hi estructura, selecci\u00f3, ordenaci\u00f3 i presentaci\u00f3), les fotografies, el material audiovisual i els gr\u00e0fics, est\u00e0 protegida per marques, drets d\u2019autor i altres drets leg\u00edtims registrats, d\u2019acord amb els tractats internacionals dels quals Espanya forma part i altres drets de propietat i lleis d\u2019Espanya.<\/p>\n<h4><strong>CONTINGUT DEL WEB I ENLLA\u00c7OS<\/strong><\/h4>\n<p>Des del lloc web, \u00e9s possible que es redirigeixi a continguts de tercers llocs web. At\u00e8s que TORRONS I MEL ALEMANY, SL no pot controlar sempre els continguts introdu\u00efts per tercers en els seus respectius llocs web, no n\u2019assumeix cap tipus de responsabilitat. En tot cas, retirar\u00e0 immediatament qualsevol contingut que pogu\u00e9s contravenir la legislaci\u00f3 nacional o internacional, la moral o l\u2019ordre p\u00fablic, a m\u00e9s de la redirecci\u00f3 a aquest lloc web, i posar\u00e0 en coneixement de les autoritats competents el contingut en q\u00fcesti\u00f3.<\/p>\n<p>TORRONS I MEL ALEMANY, SL no es fa responsable de la informaci\u00f3 ni dels continguts emmagatzemats, a t\u00edtol enunciatiu per\u00f2 no limitador, en f\u00f2rums, xats, generadors de blogs, comentaris, xarxes socials o qualsevol altre mitj\u00e0 que permeti a tercers publicar continguts de forma independent a la p\u00e0gina web de TORRONS I MEL ALEMANY, SL. No obstant aix\u00f2, i en compliment del que disposen els articles 11 i 16 de la LSSICE, es posa a disposici\u00f3 de tots els usuaris, autoritats i forces de seguretat, que col\u00b7laboraran de forma activa a retirar o, si escau, a bloquejar tots aquells continguts que puguin afectar o contravenir la legislaci\u00f3 nacional o internacional, els drets de tercers o la moral i l\u2019ordre p\u00fablic. En cas que l\u2019Usuari consideri que al lloc web hi ha algun contingut que pogu\u00e9s ser susceptible d\u2019aquesta classificaci\u00f3, es prega que ho faci saber de forma immediata a l\u2019administrador del lloc web.<\/p>\n<p>Aquest lloc web ha estat revisat i provat perqu\u00e8 funcioni correctament. En principi, se\u2019n pot garantir un funcionament correcte els 365 dies de l\u2019any, 24 hores al dia. No obstant aix\u00f2, TORRONS I MEL ALEMANY, SL no descarta la possibilitat que existeixin certs errors de programaci\u00f3 o causes de for\u00e7a major, com ara cat\u00e0strofes naturals, vagues o circumst\u00e0ncies semblants que facin impossible l\u2019acc\u00e9s a la p\u00e0gina web.<\/p>\n<p>TORRONS I MEL ALEMANY, SL es compromet a utilitzar les dades obtingudes en aquesta web, a respectar-ne la confidencialitat i a utilitzar-les d\u2019acord amb la seva finalitat, aix\u00ed com a donar compliment a l\u2019obligaci\u00f3 de guardar i adoptar totes les mesures per evitar l\u2019alteraci\u00f3, la p\u00e8rdua, el tractament o l\u2019acc\u00e9s no autoritzat, de conformitat amb el que estableix el Reglament UE 2016\/679, del Parlament Europeu i del Consell, de 27 d\u2019abril (RGPD), i la Llei Org\u00e0nica 3\/2018, de 5 de desembre, de Protecci\u00f3 de Dades Personals i Garantia dels Drets Digitals.<\/p>\n<p>L\u2019Usuari garanteix que les dades personals facilitades a trav\u00e9s del formulari de contacte s\u00f3n veraces i queda obligat a comunicar-ne qualsevol modificaci\u00f3. Igualment, l\u2019Usuari garanteix que tota la informaci\u00f3 facilitada correspon amb la seva situaci\u00f3 real, est\u00e0 actualitzada i \u00e9s exacta. A m\u00e9s, l\u2019Usuari t\u00e9 l\u2019obligaci\u00f3 de mantenir en tot moment les seves dades actualitzades i \u00e9s l\u2019\u00fanic responsable de la inexactitud o falsedat de les dades facilitades i dels perjudicis que per aquesta ra\u00f3 pugui causar a TORRONS I MEL ALEMANY, SL com a titular del lloc web o a tercers amb motiu de la utilitzaci\u00f3 d\u2019aquest web.<\/p>\n<p>De la mateixa manera, l\u2019Usuari t\u00e9 acc\u00e9s en tot moment a modificar, editar o eliminar la informaci\u00f3 proporcionada, aix\u00ed com a gestionar la baixa directament, mitjan\u00e7ant una sol\u00b7licitud adre\u00e7ada al contacte que es mostra a la secci\u00f3 \u201cAdre\u00e7a de contacte\u201d o b\u00e9 per escrit a TORRONS I MEL ALEMANY, SL, juntament amb c\u00f2pia del seu DNI o document acreditatiu equivalent.<\/p>\n<p>Per ampliar la informaci\u00f3 sobre la nostra pol\u00edtica de protecci\u00f3 de dades i els seus drets, consulti la nostra <a href=\"\/lotsdenadal\/politica-de-privacitat\/\" target=\"_blank\" rel=\"noopener\">pol\u00edtica de privacitat<\/a>.<\/p>\n<h4><strong>COPYRIGHT<\/strong><\/h4>\n<p>Aquest lloc web t\u00e9 copyright de TORRONS I MEL ALEMANY, SL i tots els drets reservats. Si vol fer servir algun dels seus textos o imatges, pot demanar-ho a trav\u00e9s de l\u2019adre\u00e7a de correu electr\u00f2nic que apareix a \u201cAdre\u00e7a de contacte\u201d.<\/p>\n<p>Si per error ha introdu\u00eft algun element en aquesta web que estigui subjecte a drets d\u2019autor, escrigui a l\u2019adre\u00e7a que apareix a l\u2019apartat \u201cAdre\u00e7a de contacte\u201d, adjuntant-hi prova de dret d\u2019autor i, despr\u00e9s de verificar les dades, ho retirarem de manera priorit\u00e0ria, o a la seva elecci\u00f3, acreditarem l\u2019obra.<\/p>\n<h4><strong>LLEI APLICABLE I JURISDICCI\u00d3<\/strong><\/h4>\n<p>Amb car\u00e0cter general, les relacions entre TORRONS I MEL ALEMANY, SL i els usuaris dels seus serveis telem\u00e0tics d\u2019aquest lloc web estan sotmeses a la legislaci\u00f3 i la jurisdicci\u00f3 espanyoles. En concret, aquest lloc web est\u00e0 adequat a les exig\u00e8ncies de la Llei Org\u00e0nica 3\/2018, de 5 de desembre, de Protecci\u00f3 de Dades Personals i Garantia de Drets Digitals (LOPDGDD), i compleix tamb\u00e9 el Reglament (UE) 2016\/679, del Parlament Europeu i del Consell, de 27 d\u2019abril, relatiu a la protecci\u00f3 de les persones f\u00edsiques (RGPD), aix\u00ed com la Llei 34\/2002, d\u201911 de juliol, de Serveis de la Societat de la informaci\u00f3 i Comer\u00e7 Electr\u00f2nic (LSSICE o LSSI). Tamb\u00e9 s\u2019acompleixen la Llei 7\/1996, d\u2019Ordenaci\u00f3 del Comer\u00e7 Minorista, i la Llei 3\/2014, de 27 de mar\u00e7, per la qual es modifica el text ref\u00f3s de la Llei General per a la Defensa dels Consumidors i Usuaris i altres lleis complement\u00e0ries, aprovat per Reial Decret Legislatiu 1\/2007, de 16 de novembre.<\/p>\n<p>Finalment, tamb\u00e9 donem compliment al Reglament (UE) 2018\/302, del Parlament Europeu i del Consell, de 28 de febrer, sobre mesures destinades a impedir el bloqueig geogr\u00e0fic injustificat i altres formes de discriminaci\u00f3 per ra\u00f3 de nacionalitat, lloc de resid\u00e8ncia o lloc d\u2019establiment dels clients al mercat interior.<\/p>\n<h4><strong>ADRE\u00c7A DE CONTACTE<\/strong><\/h4>\n<p>Correu electr\u00f2nic:\u00a0<a href=\"mailto:info@alemany.com\" target=\"_blank\" rel=\"noopener noreferrer\">info@alemany.com<\/a><\/p>\n<p><strong>Darrera actualitzaci\u00f3: Octubre 2022<\/strong><\/p>\n<\/div><\/div><style type=\"text\/css\">.fusion-body .fusion-builder-column-0{width:100% !important;margin-top : 0px;margin-bottom : 0px;}.fusion-builder-column-0 > .fusion-column-wrapper {padding-top : 0px !important;padding-right : 0px !important;margin-right : 1.92%;padding-bottom : 0px !important;padding-left : 0px !important;margin-left : 1.92%;}@media only screen and (max-width:1075px) {.fusion-body .fusion-builder-column-0{width:100% !important;}.fusion-builder-column-0 > .fusion-column-wrapper {margin-right : 1.92%;margin-left : 1.92%;}}@media only screen and (max-width:640px) {.fusion-body .fusion-builder-column-0{width:100% !important;}.fusion-builder-column-0 > .fusion-column-wrapper {margin-right : 1.92%;margin-left : 1.92%;}}<\/style><\/div><\/div><style type=\"text\/css\">.fusion-body .fusion-flex-container.fusion-builder-row-1{ padding-top : 4%;margin-top : 0px;padding-right : 10%;padding-bottom : 4%;margin-bottom : 0px;padding-left : 10%;}<\/style><\/div>\n","protected":false},"excerpt":{"rendered":"","protected":false},"author":1,"featured_media":0,"parent":0,"menu_order":0,"comment_status":"closed","ping_status":"closed","template":"100-width.php","meta":{"footnotes":""},"class_list":["post-2803","page","type-page","status-publish","hentry"],"_links":{"self":[{"href":"https:\/\/alemany.com\/lotsdenadal\/wp-json\/wp\/v2\/pages\/2803","targetHints":{"allow":["GET"]}}],"collection":[{"href":"https:\/\/alemany.com\/lotsdenadal\/wp-json\/wp\/v2\/pages"}],"about":[{"href":"https:\/\/alemany.com\/lotsdenadal\/wp-json\/wp\/v2\/types\/page"}],"author":[{"embeddable":true,"href":"https:\/\/alemany.com\/lotsdenadal\/wp-json\/wp\/v2\/users\/1"}],"replies":[{"embeddable":true,"href":"https:\/\/alemany.com\/lotsdenadal\/wp-json\/wp\/v2\/comments?post=2803"}],"version-history":[{"count":4,"href":"https:\/\/alemany.com\/lotsdenadal\/wp-json\/wp\/v2\/pages\/2803\/revisions"}],"predecessor-version":[{"id":3033,"href":"https:\/\/alemany.com\/lotsdenadal\/wp-json\/wp\/v2\/pages\/2803\/revisions\/3033"}],"wp:attachment":[{"href":"https:\/\/alemany.com\/lotsdenadal\/wp-json\/wp\/v2\/media?parent=2803"}],"curies":[{"name":"wp","href":"https:\/\/api.w.org\/{rel}","templated":true}]}}