{"id":2809,"date":"2022-09-27T11:20:54","date_gmt":"2022-09-27T11:20:54","guid":{"rendered":"https:\/\/alemany.com\/lotsdenadal\/?page_id=2809"},"modified":"2022-10-06T11:54:48","modified_gmt":"2022-10-06T11:54:48","slug":"condicions-generals-de-venda","status":"publish","type":"page","link":"https:\/\/alemany.com\/lotsdenadal\/condicions-generals-de-venda\/","title":{"rendered":"Condicions generals de venda"},"content":{"rendered":"<div class=\"fusion-fullwidth fullwidth-box fusion-builder-row-1 fusion-flex-container nonhundred-percent-fullwidth non-hundred-percent-height-scrolling\" style=\"background-color: rgba(255,255,255,0);background-position: center center;background-repeat: no-repeat;border-width: 0px 0px 0px 0px;border-color:var(--awb-color3);border-style:solid;\" ><div class=\"fusion-builder-row fusion-row fusion-flex-align-items-flex-start\" style=\"max-width:1456px;margin-left: calc(-4% \/ 2 );margin-right: calc(-4% \/ 2 );\"><div class=\"fusion-layout-column fusion_builder_column fusion-builder-column-0 fusion_builder_column_1_1 1_1 fusion-flex-column\"><div class=\"fusion-column-wrapper fusion-flex-justify-content-flex-start fusion-content-layout-column\" style=\"background-position:left top;background-repeat:no-repeat;-webkit-background-size:cover;-moz-background-size:cover;-o-background-size:cover;background-size:cover;padding: 0px 0px 0px 0px;\"><div class=\"fusion-text fusion-text-1\"><p style=\"font-weight: 400;\">Les presents condicions generals de venda, regulen el proc\u00e9s de venda en l\u00ednia del lloc web <span style=\"vertical-align: inherit;\">alemany.com\/lotsdenadal\/<\/span> (en endavant, ALEMANY.COM), titularitat de TORRONS I MEL ALEMANY, S.L.<\/p>\n<h3 style=\"font-weight: 400;\"><strong>PRODUCTES, SERVEIS, PREUS I TARIFES<\/strong><\/h3>\n<p style=\"font-weight: 400;\">Els productes oferts a <span style=\"vertical-align: inherit;\">alemany.com\/lotsdenadal\/<\/span>, juntament amb les seves caracter\u00edstiques i preu apareixeran en pantalla.<\/p>\n<p style=\"font-weight: 400;\">El preu dels productes est\u00e0 indicat per unitats. En qualsevol cas, l&#8217;usuari indicar\u00e0 la quantitat requerida incrementant unit\u00e0riament fins arribar a les unitats desitjades de compra.<\/p>\n<p style=\"font-weight: 400;\">Els preus indicats en pantalla s\u00f3n en euros i inclouen l&#8217;IVA i qualsevol altre impost que fos d&#8217;aplicaci\u00f3 i seran en tot moment els vigents, excepte error tipogr\u00e0fic.<\/p>\n<p style=\"font-weight: 400;\">Els imports de transport es calculen per a cada cas basant-se en l&#8217;import total de comanda incloent l&#8217;IVA. Per a m\u00e9s informaci\u00f3 consulti el nostre apartat\u00a0<b><strong>Enviaments i devolucions<\/strong><\/b>.<\/p>\n<p style=\"font-weight: 400;\">Li recomanem que llegeixi detingudament les etiquetes de l&#8217;embalatge del producte abans de consumir-lo, ja que podr\u00e0 trobar-hi informaci\u00f3 detallada i actualitzada sobre el mateix. No obstant, si li sorgeix qualsevol dubte a l&#8217;hora de comprar, escrigui&#8217;ns a\u00a0<a href=\"mailto:hola@alemany.com\"><b><strong>hola@alemany.com<\/strong><\/b><\/a>.<\/p>\n<p style=\"font-weight: 400;\">ALEMANY.COM podr\u00e0 en qualsevol moment afegir nous productes als inclosos al lloc web, entenent-se, tret que es disposi una altra cosa, que els nous productes es regiran pel que disposen els termes i condicions generals vigents en cada moment.<\/p>\n<p style=\"font-weight: 400;\">ALEMANY.COM, es reserva el dret a deixar de facilitar l&#8217;acc\u00e9s, en qualsevol moment i sense previ av\u00eds, a qualsevol dels productes oferts al lloc web per motius de disponibilitat, temporalitat o modificacions en l&#8217;assortiment de productes en el servei de venda online.<\/p>\n<h3 style=\"font-weight: 400;\"><strong>PROC\u00c9S DE COMPRA<\/strong><\/h3>\n<p style=\"font-weight: 400;\">Per procedir a la compra online dels nostres Productes, l&#8217;Usuari haur\u00e0 d&#8217;afegir els productes que desitgi adquirir a la &#8220;Cistella de la Compra&#8221;, segons les indicacions recollides en la pantalla.<\/p>\n<p style=\"font-weight: 400;\">Un cop escollits el producte, l&#8217;Usuari ser\u00e0 dirigit al proc\u00e9s de compra on se li solicitaran les dades de facturaci\u00f3 i d&#8217;enviament per la comanda.<\/p>\n<p style=\"font-weight: 400;\">Un cop revisada la comanda en la pantalla resum, l&#8217;Usuari podr\u00e0 procedir al pagament fent clic al bot\u00f3 &#8220;Comprar&#8221;.<\/p>\n<p style=\"font-weight: 400;\">Un cop realitzada la compra, l&#8217;Usuari rebr\u00e0 una confirmaci\u00f3 de la comanda en forma de correu electr\u00f2nic. Per aquesta ra\u00f3, \u00e9s important que l&#8217;adre\u00e7a electr\u00f2nica que ens faciliti sigui la correcta.<\/p>\n<p style=\"font-weight: 400;\">La cobertura del servei de compra en l\u00ednia es limita a Espanya (Pen\u00ednsula i Balears).<\/p>\n<p style=\"font-weight: 400;\">Igualment, ALEMANY.COM\u00a0es reserva el dret a cancel\u00b7lar qualsevol comanda quan ho consideri oport\u00fa, comunicant a l&#8217;Usuari i justificant la decisi\u00f3 de no servir la comanda per causes alienes a la seva voluntat o de for\u00e7a major, com poden ser accidents de tr\u00e0nsit, climatologia adversa o robatoris del transport o de les mercaderies. En aquest casos, donarem opci\u00f3 a el client de rebre una nova comanda similar tan aviat se solucionin les causes alienes.<\/p>\n<h3 style=\"font-weight: 400;\"><strong>TARIFES SERVEI D&#8217;ENVIAMENT<\/strong><\/h3>\n<p style=\"font-weight: 400;\">Les despeses del servei d&#8217;enviament es mostraran al lloc web de forma pr\u00e8via a la confirmaci\u00f3 de la comanda. Les despeses del servei d&#8217;enviament seran els indicats a l&#8217;apartat <b><strong>Enviaments i devolucions<\/strong><\/b>.<\/p>\n<p style=\"font-weight: 400;\">ALEMANY.COM es reserva el dret de modificar les tarifes d&#8217;enviament. Qualsevol canvi al respecte ser\u00e0 comunicat sempre de forma pr\u00e8via a la confirmaci\u00f3 de la comanda.<\/p>\n<h3 style=\"font-weight: 400;\"><strong>DISPONIBILITAT DELS PRODUCTES<\/strong><\/h3>\n<p style=\"font-weight: 400;\">ALEMANY.COM s&#8217;esfor\u00e7a per complaure els Usuaris en la demanda dels nostres productes.<\/p>\n<p style=\"font-weight: 400;\">\u00c9s dif\u00edcil que algun dels productes oferts no estigui realment disponible\u00a0per\u00f2, en cas de no disposar d&#8217;estoc del producte despr\u00e9s d&#8217;haver-se realitzat la comanda per part de l&#8217;Usuari, ALEMANY.COM\u00a0procedir\u00e0 a comunicar-se amb el client per proposar la substituci\u00f3 del producte segons les prefer\u00e8ncies de l&#8217;Usuari.<\/p>\n<p style=\"font-weight: 400;\">En cas que l&#8217;Usuari no desitgi substituir el producte o de no \u00e9sser possible contactar amb l&#8217;Usuari al moment de la preparaci\u00f3 de la comanda, aquest no es servir\u00e0 i es retornar\u00e0 el seu import pel mateix m\u00e8tode de pagament que va fer servir l&#8217;Usuari al moment de fer la comanda.<\/p>\n<p style=\"font-weight: 400;\">En el cas en qu\u00e8 el producte sol\u00b7licitat i no disponible sigui l&#8217;\u00fanic de la comanda, la comanda s&#8217;anul\u00b7lar\u00e0 i retornarem l&#8217;import pagat per l&#8217;Usuari pel mateix m\u00e8tode de pagament que va fer servir l&#8217;Usuari al moment de fer la comanda.<\/p>\n<h3 style=\"font-weight: 400;\"><strong>PAGAMENT<\/strong><\/h3>\n<p style=\"font-weight: 400;\"><b><strong>M\u00e8tode de pagament<\/strong><\/b><\/p>\n<p style=\"font-weight: 400;\">Els pagaments de les comandes es poden fer amb targeta de cr\u00e8dit o d\u00e8bit a trav\u00e9s de la passarel\u00b7les segures de pagaments de Pay Comet o de Paypal.<\/p>\n<p style=\"font-weight: 400;\"><b><strong>Privacitat i seguretat en els pagaments<\/strong><\/b><\/p>\n<p style=\"font-weight: 400;\">El sistema de pagament amb targeta de Pay Comet i la passarel\u00b7la Paypal, s\u00f3n una manera fiable, segura i r\u00e0pida de fer pagaments per internet. En efecte, en ser Pay Comet o Paypal qui efectuen els cobraments directament als nostres clients, ALEMANY.COM\u00a0no tindr\u00e0 acc\u00e9s a les dades banc\u00e0ries d&#8217;aquests \u00faltims.<\/p>\n<p style=\"font-weight: 400;\">Hem contractat el certificat SSL, el qual protegeix la privacitat del consumidor mentre navega o compra a la web.<\/p>\n<p style=\"font-weight: 400;\">Per a m\u00e9s informaci\u00f3, consulti la nostra\u00a0<a href=\"\/lotsdenadal\/politica-de-privacitat\/\" target=\"_blank\" rel=\"noopener\"><b><strong>Pol\u00edtica de Privacitat<\/strong><\/b><\/a>\u00a0i la nostra\u00a0<a href=\"\/lotsdenadal\/politica-de-cookies\/\" target=\"_blank\" rel=\"noopener\"><b><strong>Pol\u00edtica de Cookies<\/strong><\/b><\/a>.<\/p>\n<h3 style=\"font-weight: 400;\"><strong>PRIVACITAT<\/strong><\/h3>\n<p style=\"font-weight: 400;\">Totes les dades facilitades pels usuaris a ALEMANY.COM\u00a0seran tractades amb m\u00e0xim respecte per la seva privacitat i no es facilitaran a tercers, excepte quan sigui necessari per al lliurament de la comanda.<\/p>\n<p style=\"font-weight: 400;\">Les dades banc\u00e0ries\u00a0les tracten directament les passarel\u00b7les de pagament Pay Comet o Paypal. Per tant ALEMANY.COM\u00a0mai veur\u00e0 la informaci\u00f3 de la targeta de cr\u00e8dit dels clients, simplement rebr\u00e0 el pagament i els detalls de la comanda per elaborar-la.<\/p>\n<p style=\"font-weight: 400;\">Reservat el dret d&#8217;utilitzar les dades comercials de manera an\u00f2nima per estudiar els h\u00e0bits i usos de compra.<\/p>\n<p style=\"font-weight: 400;\">Per a m\u00e9s informaci\u00f3, consulti la nostra\u00a0<b><strong><a href=\"\/lotsdenadal\/politica-de-privacitat\/\" target=\"_blank\" rel=\"noopener\">Pol\u00edtica de Privacitat<\/a>\u00a0<\/strong><\/b>i<b><strong>\u00a0la nostra\u00a0<a href=\"\/lotsdenadal\/politica-de-cookies\/\" target=\"_blank\" rel=\"noopener\">Pol\u00edtica de Cookies<\/a><\/strong><\/b>.<\/p>\n<h3 style=\"font-weight: 400;\"><\/h3>\n<h3 style=\"font-weight: 400;\"><strong>ATENCI\u00d3 AL CLIENT<\/strong><\/h3>\n<p style=\"font-weight: 400;\">Per a qualsevol consulta, reclamaci\u00f3 o suggeriment,\u00a0l&#8217;usuari podr\u00e0 posar-se en contacte amb nosaltres a trav\u00e9s del\u00a0correu electr\u00f2nic\u00a0<b><strong>hola@alemany.com<\/strong><\/b>.<\/p>\n<h3 style=\"font-weight: 400;\"><\/h3>\n<h3 style=\"font-weight: 400;\"><strong>INFORMACI\u00d3 PER AL COMPRADOR SOBRE LA PLATAFORMA DE RESOLUCI\u00d3 DE CONFLICTES E-COMMERCE<\/strong><\/h3>\n<p style=\"font-weight: 400;\">S&#8217;informa al comprador de productes d&#8217;aquest lloc web, de l&#8217;exist\u00e8ncia d&#8217;una plataforma de resoluci\u00f3 de litigis en l\u00ednia.<\/p>\n<p style=\"font-weight: 400;\">D&#8217;acord amb l&#8217;Article 14.1 de l&#8217;Reglament (UE) 524\/2013:<\/p>\n<p style=\"font-weight: 400;\">&#8220;La Comissi\u00f3 Europea facilita una plataforma de resoluci\u00f3 de litigis en l\u00ednia que es troba disponible en el seg\u00fcent enlla\u00e7:\u00a0<a href=\"http:\/\/ec.europa.eu\/consumers\/odr\/\">http:\/\/ec.europa.eu\/consumers\/odr\/<\/a>.<\/p>\n<p style=\"font-weight: 400;\">Els consumidors podran sotmetre les seves reclamacions a trav\u00e9s de la plataforma de resoluci\u00f3 de litigis en l\u00ednia.<\/p>\n<\/div><\/div><style type=\"text\/css\">.fusion-body .fusion-builder-column-0{width:100% !important;margin-top : 0px;margin-bottom : 0px;}.fusion-builder-column-0 > .fusion-column-wrapper {padding-top : 0px !important;padding-right : 0px !important;margin-right : 1.92%;padding-bottom : 0px !important;padding-left : 0px !important;margin-left : 1.92%;}@media only screen and (max-width:1075px) {.fusion-body .fusion-builder-column-0{width:100% !important;}.fusion-builder-column-0 > .fusion-column-wrapper {margin-right : 1.92%;margin-left : 1.92%;}}@media only screen and (max-width:640px) {.fusion-body .fusion-builder-column-0{width:100% !important;}.fusion-builder-column-0 > .fusion-column-wrapper {margin-right : 1.92%;margin-left : 1.92%;}}<\/style><\/div><\/div><style type=\"text\/css\">.fusion-body .fusion-flex-container.fusion-builder-row-1{ padding-top : 4%;margin-top : 0px;padding-right : 10%;padding-bottom : 4%;margin-bottom : 0px;padding-left : 10%;}<\/style><\/div>\n","protected":false},"excerpt":{"rendered":"","protected":false},"author":1,"featured_media":0,"parent":0,"menu_order":0,"comment_status":"closed","ping_status":"closed","template":"100-width.php","meta":{"footnotes":""},"class_list":["post-2809","page","type-page","status-publish","hentry"],"_links":{"self":[{"href":"https:\/\/alemany.com\/lotsdenadal\/wp-json\/wp\/v2\/pages\/2809","targetHints":{"allow":["GET"]}}],"collection":[{"href":"https:\/\/alemany.com\/lotsdenadal\/wp-json\/wp\/v2\/pages"}],"about":[{"href":"https:\/\/alemany.com\/lotsdenadal\/wp-json\/wp\/v2\/types\/page"}],"author":[{"embeddable":true,"href":"https:\/\/alemany.com\/lotsdenadal\/wp-json\/wp\/v2\/users\/1"}],"replies":[{"embeddable":true,"href":"https:\/\/alemany.com\/lotsdenadal\/wp-json\/wp\/v2\/comments?post=2809"}],"version-history":[{"count":2,"href":"https:\/\/alemany.com\/lotsdenadal\/wp-json\/wp\/v2\/pages\/2809\/revisions"}],"predecessor-version":[{"id":3035,"href":"https:\/\/alemany.com\/lotsdenadal\/wp-json\/wp\/v2\/pages\/2809\/revisions\/3035"}],"wp:attachment":[{"href":"https:\/\/alemany.com\/lotsdenadal\/wp-json\/wp\/v2\/media?parent=2809"}],"curies":[{"name":"wp","href":"https:\/\/api.w.org\/{rel}","templated":true}]}}