{"id":2811,"date":"2022-09-27T11:22:10","date_gmt":"2022-09-27T11:22:10","guid":{"rendered":"https:\/\/alemany.com\/lotsdenadal\/?page_id=2811"},"modified":"2022-10-06T12:05:48","modified_gmt":"2022-10-06T12:05:48","slug":"pagament-segur","status":"publish","type":"page","link":"https:\/\/alemany.com\/lotsdenadal\/pagament-segur\/","title":{"rendered":"Pagament segur"},"content":{"rendered":"<div class=\"fusion-fullwidth fullwidth-box fusion-builder-row-1 fusion-flex-container nonhundred-percent-fullwidth non-hundred-percent-height-scrolling\" style=\"background-color: rgba(255,255,255,0);background-position: center center;background-repeat: no-repeat;border-width: 0px 0px 0px 0px;border-color:var(--awb-color3);border-style:solid;\" ><div class=\"fusion-builder-row fusion-row fusion-flex-align-items-flex-start\" style=\"max-width:1456px;margin-left: calc(-4% \/ 2 );margin-right: calc(-4% \/ 2 );\"><div class=\"fusion-layout-column fusion_builder_column fusion-builder-column-0 fusion_builder_column_1_1 1_1 fusion-flex-column\"><div class=\"fusion-column-wrapper fusion-flex-justify-content-flex-start fusion-content-layout-column\" style=\"background-position:left top;background-repeat:no-repeat;-webkit-background-size:cover;-moz-background-size:cover;-o-background-size:cover;background-size:cover;padding: 0px 0px 0px 0px;\"><div class=\"fusion-text fusion-text-1\"><p style=\"font-weight: 400;\">Els pagaments de les comandes es poden fer amb targeta de cr\u00e8dit o d\u00e8bit a trav\u00e9s de la passarel\u00b7la segura de pagaments Pay Comet o b\u00e9 mitjan\u00e7ant compte de Paypal.<\/p>\n<p style=\"font-weight: 400;\">Privadesa i seguretat<\/p>\n<p style=\"font-weight: 400;\">El sistema de pagament amb targeta Pay Comet o el compte de Paypal, s\u00f3n una manera fiable, segura i r\u00e0pida de fer pagaments per internet. En efecte, en ser Pay Comet o Paypal qui efectuen els cobraments directament als nostres clients,\u00a0ALEMANY.COM\u00a0no tindr\u00e0 acc\u00e9s a les dades banc\u00e0ries d&#8217;aquests \u00faltims.<\/p>\n<p style=\"font-weight: 400;\">Hem contractat el certificat SSL, el qual protegeix la privacitat de l&#8217;usuari mentre navega o compra al nostre lloc web.<\/p>\n<p style=\"font-weight: 400;\">Per a m\u00e9s informaci\u00f3, consulti la nostra\u00a0<b><strong><a href=\"\/lotsdenadal\/politica-de-privacitat\/\" target=\"_blank\" rel=\"noopener\">Pol\u00edtica de Privacitat<\/a>\u00a0<\/strong><\/b>i la nostra<b><strong>\u00a0<a href=\"\/lotsdenadal\/politica-de-cookies\/\" target=\"_blank\" rel=\"noopener\">Pol\u00edtica de Cookies<\/a><\/strong><\/b>.<\/p>\n<\/div><\/div><style type=\"text\/css\">.fusion-body .fusion-builder-column-0{width:100% !important;margin-top : 0px;margin-bottom : 0px;}.fusion-builder-column-0 > .fusion-column-wrapper {padding-top : 0px !important;padding-right : 0px !important;margin-right : 1.92%;padding-bottom : 0px !important;padding-left : 0px !important;margin-left : 1.92%;}@media only screen and (max-width:1075px) {.fusion-body .fusion-builder-column-0{width:100% !important;}.fusion-builder-column-0 > .fusion-column-wrapper {margin-right : 1.92%;margin-left : 1.92%;}}@media only screen and (max-width:640px) {.fusion-body .fusion-builder-column-0{width:100% !important;}.fusion-builder-column-0 > .fusion-column-wrapper {margin-right : 1.92%;margin-left : 1.92%;}}<\/style><\/div><\/div><style type=\"text\/css\">.fusion-body .fusion-flex-container.fusion-builder-row-1{ padding-top : 4%;margin-top : 0px;padding-right : 10%;padding-bottom : 4%;margin-bottom : 0px;padding-left : 10%;}<\/style><\/div>\n","protected":false},"excerpt":{"rendered":"","protected":false},"author":1,"featured_media":0,"parent":0,"menu_order":0,"comment_status":"closed","ping_status":"closed","template":"100-width.php","meta":{"footnotes":""},"class_list":["post-2811","page","type-page","status-publish","hentry"],"_links":{"self":[{"href":"https:\/\/alemany.com\/lotsdenadal\/wp-json\/wp\/v2\/pages\/2811","targetHints":{"allow":["GET"]}}],"collection":[{"href":"https:\/\/alemany.com\/lotsdenadal\/wp-json\/wp\/v2\/pages"}],"about":[{"href":"https:\/\/alemany.com\/lotsdenadal\/wp-json\/wp\/v2\/types\/page"}],"author":[{"embeddable":true,"href":"https:\/\/alemany.com\/lotsdenadal\/wp-json\/wp\/v2\/users\/1"}],"replies":[{"embeddable":true,"href":"https:\/\/alemany.com\/lotsdenadal\/wp-json\/wp\/v2\/comments?post=2811"}],"version-history":[{"count":2,"href":"https:\/\/alemany.com\/lotsdenadal\/wp-json\/wp\/v2\/pages\/2811\/revisions"}],"predecessor-version":[{"id":3043,"href":"https:\/\/alemany.com\/lotsdenadal\/wp-json\/wp\/v2\/pages\/2811\/revisions\/3043"}],"wp:attachment":[{"href":"https:\/\/alemany.com\/lotsdenadal\/wp-json\/wp\/v2\/media?parent=2811"}],"curies":[{"name":"wp","href":"https:\/\/api.w.org\/{rel}","templated":true}]}}