{"id":2823,"date":"2022-09-27T11:30:45","date_gmt":"2022-09-27T11:30:45","guid":{"rendered":"https:\/\/alemany.com\/lotsdenadal\/?page_id=2823"},"modified":"2022-09-27T11:30:45","modified_gmt":"2022-09-27T11:30:45","slug":"politica-de-cookies","status":"publish","type":"page","link":"https:\/\/alemany.com\/lotsdenadal\/politica-de-cookies\/","title":{"rendered":"Pol\u00edtica de Cookies"},"content":{"rendered":"<div class=\"fusion-fullwidth fullwidth-box fusion-builder-row-1 fusion-flex-container nonhundred-percent-fullwidth non-hundred-percent-height-scrolling\" style=\"background-color: rgba(255,255,255,0);background-position: center center;background-repeat: no-repeat;border-width: 0px 0px 0px 0px;border-color:var(--awb-color3);border-style:solid;\" ><div class=\"fusion-builder-row fusion-row fusion-flex-align-items-flex-start\" style=\"max-width:1456px;margin-left: calc(-4% \/ 2 );margin-right: calc(-4% \/ 2 );\"><div class=\"fusion-layout-column fusion_builder_column fusion-builder-column-0 fusion_builder_column_1_1 1_1 fusion-flex-column\"><div class=\"fusion-column-wrapper fusion-flex-justify-content-flex-start fusion-content-layout-column\" style=\"background-position:left top;background-repeat:no-repeat;-webkit-background-size:cover;-moz-background-size:cover;-o-background-size:cover;background-size:cover;padding: 0px 0px 0px 0px;\"><div class=\"fusion-text fusion-text-1\"><p>En aquest lloc web s\u2019utilitzen galetes pr\u00f2pies i de tercers per aconseguir una millor experi\u00e8ncia de navegaci\u00f3, compartir el nostre contingut en xarxes socials i obtenir estad\u00edstiques d\u2019usuaris.<\/p>\n<p>Com a Usuari, la manera m\u00e9s senzilla d\u2019evitar la desc\u00e0rrega de galetes \u00e9s bloquejant-les mitjan\u00e7ant una adequada configuraci\u00f3 del seu navegador per impedir que s\u2019emmagatzemin al disc dur.<\/p>\n<p>TORRONS I MEL ALEMANY, SL no utilitza cap informaci\u00f3 personal procedent de galetes, tan sols estad\u00edstiques generals de visites que en cap cas remeten a informaci\u00f3 personal, per\u00f2 fem servir les plataformes Prestashop i WordPress, que utilitzen les seves pr\u00f2pies galetes.<\/p>\n<p>Per aix\u00f2, \u00e9s important llegir aquesta pol\u00edtica de galetes per entendre que si continua navegant-hi, considerarem que n\u2019accepta l\u2019\u00fas.<\/p>\n<p>Segons els termes inclosos a l\u2019article 22.2 de la Llei 34\/2002, de Serveis de la Societat de la Informaci\u00f3 i el Comer\u00e7 Electr\u00f2nic, si continua navegant est\u00e0 donant el seu consentiment per a l\u2019\u00fas per part d\u2019alemany.com dels mecanismes esmentats.<\/p>\n<h4><strong>QU\u00c8 S\u00d3N LES GALETES O COOKIES?<\/strong><\/h4>\n<p>Les galetes s\u00f3n fitxers que es descarreguen a l\u2019ordinador quan accedeix a aquest lloc web i que fan possible, entre altres coses, emmagatzemar i recuperar informaci\u00f3 sobre els seus h\u00e0bits de navegaci\u00f3 o del seu equip per tenir una millor experi\u00e8ncia de navegaci\u00f3. Aquesta web utilitza galetes pr\u00f2pies i de tercers.<\/p>\n<h4><strong>DESACTIVACI\u00d3\/ACTIVACI\u00d3 O ELIMINACI\u00d3 DE GALETES<\/strong><\/h4>\n<p>TORRONS I MEL ALEMANY, SL posa a disposici\u00f3 dels usuaris que vulguin impedir la instal\u00b7laci\u00f3 de les esmentades galetes enlla\u00e7os a les instruccions facilitades per a navegadors d\u2019\u00fas m\u00e9s est\u00e8s:<\/p>\n<p><a href=\"http:\/\/support.google.com\/chrome\/bin\/answer.py?hl=es-419&amp;answer=95647\">Google Chrome\u00a0<\/a>&#8211;\u00a0<a href=\"http:\/\/windows.microsoft.com\/es-xl\/internet-explorer\/delete-manage-cookies#ie=ie-10\">Internet Explorer\u00a0<\/a>&#8211;\u00a0<a href=\"http:\/\/support.mozilla.org\/es\/kb\/habilitar-y-deshabilitar-cookies-que-los-sitios-we\">Mozilla Firefox\u00a0<\/a>&#8211;\u00a0<a href=\"http:\/\/support.apple.com\/kb\/HT1677?viewlocale=es_ES%20%97%20http:\/\/support.apple.com\/kb\/ph5042\">Apple Safari<\/a><\/p>\n<p>Pots consultar el reglament sobre galetes publicat per l&#8217;Ag\u00e8ncia Espanyola de Protecci\u00f3 de Dades en la seva\u00a0<a href=\"https:\/\/www.agpd.es\/portalwebAGPD\/canaldocumentacion\/publicaciones\/common\/Guias\/%20Guia_Cookies.pdf\">&#8221; Guia sobre l&#8217;\u00fas de les galetes &#8220;<\/a>\u00a0i obtenir-ne m\u00e9s informaci\u00f3 a Internet a\u00a0<a href=\"http:\/\/www.aboutcookies.org\/\">http:\/\/www.aboutcookies.org\/<\/a><\/p>\n<h4><strong>NOTES IMPORTANTS SOBRE LES GALETES<\/strong><\/h4>\n<p>Tenint en compte com funcionen Internet i els llocs web, no sempre comptem amb informaci\u00f3 de les galetes que puguin utilitzar terceres parts a trav\u00e9s del nostre lloc web.<\/p>\n<p>Aix\u00f2 s\u2019aplica especialment a casos en qu\u00e8 el nostre lloc web cont\u00e9 elements integrats, \u00e9s a dir, textos, documents, imatges o breus pel\u00b7l\u00edcules que s\u2019emmagatzemen en una altra part, per\u00f2 que es mostren al nostre lloc web o trav\u00e9s d\u2019aquest. D\u2019aqu\u00ed la dificultat de complir el reglament sobre les galetes de manera estricta.<\/p>\n<h4><strong>QUINES GALETES UTILITZA AQUEST LLOC WEB<\/strong>?<\/h4>\n<p><strong>GALETES DE TERCERS<\/strong><\/p>\n<p>Com s\u2019explica a l\u2019inici, aquesta web utilitza serveis d\u2019an\u00e0lisi, concretament\u00a0<strong>Google Analytics<\/strong>, per ajudar-nos a analitzar l\u2019\u00fas que fan els usuaris del lloc web i millorar-ne la usabilitat, per\u00f2 en cap cas s\u2019associen a dades que poguessin arribar a identificar l\u2019Usuari.<\/p>\n<p><strong>Google Analytics<\/strong>\u00a0\u00e9s un servei anal\u00edtic de web prestat per Google, Inc., una companyia de Delaware, amb oficina principal a 1600 Amphitheatre Parkway, Mountain View (Calif\u00f2rnia), CA 94043, Estats Units (\u201cGoogle\u201d). L&#8217;Usuari pot consultar\u00a0<a href=\"https:\/\/www.google.es\/intl\/es\/policies\/technologies\/types\/\">aqu\u00ed\u00a0<\/a>el tipus de galetes utilitzades per Google.<\/p>\n<p>Pel que fa al tractament de dades demanades a trav\u00e9s de les galetes d\u2019anal\u00edtiques com les de\u00a0<strong>Google Analytics<\/strong>, el Grup de Treball de l\u2019Article 29 (\u00f2rgan consultiu europeu en mat\u00e8ria de protecci\u00f3 de dades) ha manifestat que, tot i que no estan exemptes del deure d\u2019obtenir un consentiment informat per al seu \u00fas, \u00e9s poc probable que representin un risc per a la privacitat dels usuaris, sempre que es tracti de galetes de primera part, que tractin dades agregades amb una finalitat estrictament estad\u00edstica, que se\u2019n faciliti informaci\u00f3 sobre el seu \u00fas i s\u2019inclogui la possibilitat que els usuaris manifestin la seva negativa sobre la seva utilitzaci\u00f3, cosa que s\u2019aplica en aquest lloc web.<\/p>\n<p>TORRONS I MEL ALEMANY, SL \u00e9s usuari de la plataforma de subministrament i allotjament de botigues en l\u00ednia\u00a0<strong>Prestashop<\/strong>, propietat de l\u2019empresa francesa Prestashop, SA. A aquests efectes, els usos d\u2019aquestes galetes per part dels sistemes mai estan sota control o gesti\u00f3 de la responsable de la web, per tant, poden canviar la seva funci\u00f3 en qualsevol moment i entrar galetes noves.<\/p>\n<p>Aquestes galetes tampoc suposen cap benefici per a la responsable d\u2019aquesta web. A m\u00e9s, Prestashop, SA utilitza altres galetes amb la finalitat d\u2019ajudar a identificar i rastrejar els visitants dels llocs de Prestashop i con\u00e8ixer l\u2019\u00fas que fan de la p\u00e0gina web de Prestashop, aix\u00ed com les seves prefer\u00e8ncies d\u2019acc\u00e9s, tal com es recull a l\u2019apartat \u201cCookies\u201d de la seva\u00a0<a href=\"https:\/\/www.prestashop.com\/en\/privacy-policy\">pol\u00edtica de privacitat\u00a0<\/a>.<\/p>\n<p>TORRONS I MEL ALEMANY, SL \u00e9s usuari de la plataforma de subministrament i allotjament de blocs\u00a0<strong>WordPress<\/strong>, propietat de l\u2019empresa nord-americana Automattic, Inc. A aquests efectes, els usos d\u2019aquestes galetes per part dels sistemes mai estan sota control o gesti\u00f3 de la responsable de la web, poden canviar la seva funci\u00f3 en qualsevol moment i entrar galetes noves.<\/p>\n<p>Aquestes galetes tampoc suposen cap benefici per a la responsable d\u2019aquesta web. A m\u00e9s, Automattic, Inc. utilitza altres galetes amb la finalitat d\u2019ajudar a identificar i rastrejar els visitants dels llocs de\u00a0Les galetes de xarxes socials es poden emmagatzemar al seu navegador mentre navega per alemany.com quan utilitza, per exemple, el bot\u00f3 de compartir continguts d\u2019alemany.com en alguna xarxa social.<br \/>\nLes empreses que generen aquestes galetes corresponents a les xarxes socials que utilitzen aquesta web tenen les seves pr\u00f2pies pol\u00edtiques: i con\u00e8ixer l\u2019\u00fas que fan de la p\u00e0gina web d\u2019Automattic, aix\u00ed com les seves prefer\u00e8ncies d\u2019acc\u00e9s, tal com es recull a l\u2019apartat \u201cCookies\u201d de la seva <a href=\"\/lotsdenadal\/politica-de-privacitat\/\" target=\"_blank\" rel=\"noopener\">pol\u00edtica de privacitat<\/a>.<\/p>\n<p><strong>GALETES DE XARXES SOCIALS<\/strong><\/p>\n<p>Les galetes de xarxes socials poden emmagatzemar-se en el seu navegador mentre navega per alemany.com per exemple, quan utilitza el bot\u00f3 de compartir continguts d&#8217;alemany.com en alguna xarxa social.<\/p>\n<p>Les empreses que generen aquestes cookies corresponents a les xarxes socials que utilitza aquest web tenen les seves pr\u00f2pies pol\u00edtiques de galetes.<\/p>\n<ul>\n<li>Cookie de Twitter, segons el que disposa la seva\u00a0<a href=\"https:\/\/twitter.com\/privacy\">pol\u00edtica de privacitat i \u00fas de galetes\u00a0<\/a>.<\/li>\n<li>Cookie de Facebook, segons el que disposa la seva\u00a0<a href=\"https:\/\/www.facebook.com\/help\/cookies?ref_type=sitefooter\">pol\u00edtica de galetes\u00a0<\/a>.<\/li>\n<li>Cookie d&#8217;Instagram, segons el que disposa la seva\u00a0<a href=\"https:\/\/help.instagram.com\/1896641480634370\">pol\u00edtica de galetes<\/a><\/li>\n<li>Cookie de Google Maps, segons el que disposa\u00a0seva\u00a0<a href=\"http:\/\/www.google.com\/intl\/es\/policies\/technologies\/types\/\">pol\u00edtica de galetes<\/a><\/li>\n<\/ul>\n<p>En compliment del que estableix l&#8217;article 22.2 de la LSSI es detallen les galetes que poden instal\u00b7lar-se habitualment durant la navegaci\u00f3 per aquest lloc web:<\/p>\n<p>NOM<br \/>\nGoogle Analytics (__utma, __utmb, __utmc, __utmd, __utmv, __utmz, _ga, _gat)<\/p>\n<p>DURADA PREDETERMINADA<br \/>\nPersistents<\/p>\n<p>FINALITAT I DOMINI<br \/>\nUtilitzem Google Analytics, una eina d\u2019an\u00e0lisi web de Google que permet informar-nos sobre com interactuen els usuaris del nostre lloc web. Aix\u00ed mateix, habilita galetes al domini del lloc on es troba l\u2019Usuari i les utilitza per recopilar informaci\u00f3 de manera an\u00f2nima i elaborar informes de tend\u00e8ncies de la p\u00e0gina web sense identificar usuaris individuals. Pot consultar m\u00e9s informaci\u00f3 sobre les galetes de Google Analytics i el seu funcionament al lloc web de\u00a0<a href=\"https:\/\/developers.google.com\/analytics\/devguides\/collection\/analyticsjs\/cookie-usage?hl=es\">Google<\/a><\/p>\n<p>NOM<br \/>\nGoogle (SAPISID, SID, APISID, SSID, HSID, SIDCC, NID, 1P_JAR, CONSEN, HSID, SAPISID, SID, NID, 1P_JAR, APISID, SSID, OGPC)<\/p>\n<p>DURADA PREDETERMINADA<br \/>\nPersistents<\/p>\n<p>FINALITAT I DOMINI<br \/>\nGoogle utilitza aquestes galetes per romandre connectat al seu compte de Google i als productes relacionats, com Google Maps, Google+, YouTube o AdWords. Mentre romangui amb aquesta sessi\u00f3 activa i faci servir complements en altres llocs web com el nostre, Google far\u00e0 \u00fas d\u2019aquestes galetes per millorar la seva experi\u00e8ncia d\u2019\u00fas\u00a0<a href=\"https:\/\/policies.google.com\/technologies\/types\">M\u00e9s informaci\u00f3:<\/a><\/p>\n<p>NOM<br \/>\nFacebook<br \/>\n(fr, datr, lu)<\/p>\n<p>DURADA PREDETERMINADA<br \/>\nPersistents<\/p>\n<p>FINALITAT I DOMINI<br \/>\nFacebook utilitza les galetes perqu\u00e8 l\u2019Usuari pugui compartir informaci\u00f3, fer \u201cM\u2019agrada\u201d, mostrar publicitat relacionada o identificar-se a la web mitjan\u00e7ant Facebook.<\/p>\n<p>Si vol tenir m\u00e9s control sobre la instal\u00b7laci\u00f3 de galetes, pot instal\u00b7lar programes o complements al seu navegador, coneguts com a eines \u201cDo Not Track\u201d, que li permetran escollir aquelles que vol permetre.<\/p>\n<p>M\u00e9s informaci\u00f3 sobre qui som, com contactar-hi i com processem les dades personals, a la nostra <a href=\"\/politica-de-privacitat\/\" target=\"_blank\" rel=\"noopener\">pol\u00edtica de privacitat<\/a>.<\/p>\n<p><strong>Darrera actualitzaci\u00f3: mar\u00e7 2022<\/strong><\/p>\n<\/div><\/div><style type=\"text\/css\">.fusion-body .fusion-builder-column-0{width:100% !important;margin-top : 0px;margin-bottom : 0px;}.fusion-builder-column-0 > .fusion-column-wrapper {padding-top : 0px !important;padding-right : 0px !important;margin-right : 1.92%;padding-bottom : 0px !important;padding-left : 0px !important;margin-left : 1.92%;}@media only screen and (max-width:1075px) {.fusion-body .fusion-builder-column-0{width:100% !important;}.fusion-builder-column-0 > .fusion-column-wrapper {margin-right : 1.92%;margin-left : 1.92%;}}@media only screen and (max-width:640px) {.fusion-body .fusion-builder-column-0{width:100% !important;}.fusion-builder-column-0 > .fusion-column-wrapper {margin-right : 1.92%;margin-left : 1.92%;}}<\/style><\/div><\/div><style type=\"text\/css\">.fusion-body .fusion-flex-container.fusion-builder-row-1{ padding-top : 4%;margin-top : 0px;padding-right : 10%;padding-bottom : 4%;margin-bottom : 0px;padding-left : 10%;}<\/style><\/div>\n","protected":false},"excerpt":{"rendered":"","protected":false},"author":1,"featured_media":0,"parent":0,"menu_order":0,"comment_status":"closed","ping_status":"closed","template":"100-width.php","meta":{"footnotes":""},"class_list":["post-2823","page","type-page","status-publish","hentry"],"_links":{"self":[{"href":"https:\/\/alemany.com\/lotsdenadal\/wp-json\/wp\/v2\/pages\/2823","targetHints":{"allow":["GET"]}}],"collection":[{"href":"https:\/\/alemany.com\/lotsdenadal\/wp-json\/wp\/v2\/pages"}],"about":[{"href":"https:\/\/alemany.com\/lotsdenadal\/wp-json\/wp\/v2\/types\/page"}],"author":[{"embeddable":true,"href":"https:\/\/alemany.com\/lotsdenadal\/wp-json\/wp\/v2\/users\/1"}],"replies":[{"embeddable":true,"href":"https:\/\/alemany.com\/lotsdenadal\/wp-json\/wp\/v2\/comments?post=2823"}],"version-history":[{"count":1,"href":"https:\/\/alemany.com\/lotsdenadal\/wp-json\/wp\/v2\/pages\/2823\/revisions"}],"predecessor-version":[{"id":2824,"href":"https:\/\/alemany.com\/lotsdenadal\/wp-json\/wp\/v2\/pages\/2823\/revisions\/2824"}],"wp:attachment":[{"href":"https:\/\/alemany.com\/lotsdenadal\/wp-json\/wp\/v2\/media?parent=2823"}],"curies":[{"name":"wp","href":"https:\/\/api.w.org\/{rel}","templated":true}]}}