{"id":2825,"date":"2022-09-27T11:32:40","date_gmt":"2022-09-27T11:32:40","guid":{"rendered":"https:\/\/alemany.com\/lotsdenadal\/?page_id=2825"},"modified":"2022-09-27T11:32:40","modified_gmt":"2022-09-27T11:32:40","slug":"politica-de-privacitat","status":"publish","type":"page","link":"https:\/\/alemany.com\/lotsdenadal\/politica-de-privacitat\/","title":{"rendered":"Pol\u00edtica de privacitat"},"content":{"rendered":"<div class=\"fusion-fullwidth fullwidth-box fusion-builder-row-1 fusion-flex-container nonhundred-percent-fullwidth non-hundred-percent-height-scrolling\" style=\"background-color: rgba(255,255,255,0);background-position: center center;background-repeat: no-repeat;border-width: 0px 0px 0px 0px;border-color:var(--awb-color3);border-style:solid;\" ><div class=\"fusion-builder-row fusion-row fusion-flex-align-items-flex-start\" style=\"max-width:1456px;margin-left: calc(-4% \/ 2 );margin-right: calc(-4% \/ 2 );\"><div class=\"fusion-layout-column fusion_builder_column fusion-builder-column-0 fusion_builder_column_1_1 1_1 fusion-flex-column\"><div class=\"fusion-column-wrapper fusion-flex-justify-content-flex-start fusion-content-layout-column\" style=\"background-position:left top;background-repeat:no-repeat;-webkit-background-size:cover;-moz-background-size:cover;-o-background-size:cover;background-size:cover;padding: 0px 0px 0px 0px;\"><div class=\"fusion-text fusion-text-1\"><p>Aquesta pol\u00edtica de protecci\u00f3 de dades de TORRONS I MEL ALEMANY, SL s\u2019aplicar\u00e0 a la navegaci\u00f3 pel nostre lloc web delruscacasa.alemany.com, aix\u00ed com a la compra dels nostres productes a trav\u00e9s d\u2019aquest espai, i estableix la manera de gestionar les dades personals que s\u2019hi recullen. \u00c9s imprescindible que la llegeixi i l\u2019accepti per seguir navegant.<\/p>\n<h4><strong>REGULACIONS LEGALS EN MAT\u00c8RIA DE PRIVACITAT A LES QUALS S\u2019ACULL AQUEST LLOC WEB<\/strong><\/h4>\n<p>Aquest lloc web est\u00e0 adequat a les exig\u00e8ncies de la Llei Org\u00e0nica 3\/2018, de 5 de desembre, de Protecci\u00f3 de Dades Personals i Garantia de Drets Digitals (LOPDGDD). Acompleix tamb\u00e9 el Reglament (UE) 2016\/679, del Parlament Europeu i del Consell, de 27 d\u2019abril, relatiu a la protecci\u00f3 de les persones f\u00edsiques (RGPD), aix\u00ed com a la Llei 34\/2002, d\u201911 de juliol, de Serveis de la Societat de la Informaci\u00f3 i el Comer\u00e7 Electr\u00f2nic (LSSICE o LSSI).<\/p>\n<h4><strong>QUI \u00c9S EL RESPONSABLE DEL TRACTAMENT DE LES SEVES DADES PERSONALS?<\/strong><\/h4>\n<p>TORRONS I MEL ALEMANY, SL, amb domicili a Os de Balaguer (Lleida), C\/ Barcelona 4, inscrita al Registre Mercantil de Lleida, al tom 52, foli l929, inscripci\u00f3 1a, CIF B25261496, i adre\u00e7a de correu electr\u00f2nic\u00a0hola@alemany.com\u00a0(en endavant, \u201cTORRONS I MEL ALEMANY\u201d).<\/p>\n<p>Delegat de Protecci\u00f3 de Dades:\u00a0montse@alemany.com<\/p>\n<h4><strong>LEGITIMACI\u00d3 PER AL TRACTAMENT DE LES SEVES DADES<\/strong><\/h4>\n<p>La base legal per al tractament de les seves dades \u00e9s\u00a0<strong>el consentiment.<\/strong><\/p>\n<p>Per subscriure\u2019s, contactar o fer comentaris en aquesta web cal el consentiment a aquesta pol\u00edtica de privacitat.<\/p>\n<p>L\u2019oferta prospectiva o comercial de productes est\u00e0 basada en el consentiment que se li sol\u00b7licita, sense que en cap cas la retirada d\u2019aquest consentiment condicioni l\u2019execuci\u00f3 del contracte de subscripci\u00f3.<\/p>\n<p>La base legal per al tractament de les dades de les persones que adquireixin productes oferts per TORRONS I MEL ALEMANY en aquest lloc web \u00e9s\u00a0<strong>l\u2019execuci\u00f3 del contracte de venda online<\/strong>.<\/p>\n<h4><strong>CATEGORIES DE DADES<\/strong><\/h4>\n<p>Les categories de dades que es tracten s\u00f3n identificatives, concretament, nom d\u2019usuari, nom i cognoms, adre\u00e7a, tel\u00e8fon, adre\u00e7a electr\u00f2nica i adre\u00e7a IP.<\/p>\n<h4><\/h4>\n<h4><strong>DADES D&#8217;INFORMACI\u00d3 COMERCIAL<\/strong><\/h4>\n<p>No es tracten categories de dades econ\u00f2miques o financeres ni tampoc dades especialment protegides.<\/p>\n<h4><strong>QUINES DADES PERSONALS RECOLLIM SOBRE VOST\u00c8?<\/strong><\/h4>\n<ul>\n<li>D\u2019identificaci\u00f3. Nom i cognoms, data de naixement, adre\u00e7a postal, correu electr\u00f2nic i tel\u00e8fon.<\/li>\n<li>Informaci\u00f3 de pagaments. Els pagaments dels nostres productes es gestionen a trav\u00e9s de la passarel\u00b7la de pagaments segura de Pay Comet o PayPal, motiu pel qual TORRONS I MEL ALEMANY no recull cap dada personal d\u2019aquesta naturalesa.<\/li>\n<li>Qualsevol dada que vost\u00e8, de manera volunt\u00e0ria, ens envi\u00ef a la nostra adre\u00e7a de correu electr\u00f2nic\u00a0hola@alemany.com.<\/li>\n<li>Les que vost\u00e8 ens faciliti mitjan\u00e7ant els nostres formularis de subscripci\u00f3 a les newsletters o al butllet\u00ed.<\/li>\n<li>Qualsevol informaci\u00f3 que vost\u00e8, de manera volunt\u00e0ria, comparteixi p\u00fablicament a les xarxes socials de TORRONS I MEL ALEMANY. Aquesta informaci\u00f3 estar\u00e0 subjecta a la pol\u00edtica de privacitat de la xarxa social en la qual la comparteixi, motiu pel qual li recomanem que revisi la configuraci\u00f3 de privacitat del seu perfil.<\/li>\n<\/ul>\n<h4><strong>SISTEMES DE CAPTURA D&#8217;INFORMACI\u00d3 QUE FA SERVIR AQUEST LLOC WEB<\/strong><\/h4>\n<ul>\n<li>Formulari de subscripci\u00f3: dins el lloc web, hi ha formularis per activar la subscripci\u00f3. Un cop subscrit, l\u2019Usuari trobar\u00e0 un correu electr\u00f2nic de confirmaci\u00f3 a la seva b\u00fastia, que haur\u00e0 de certificar per poder validar la seva adre\u00e7a de correu electr\u00f2nic. Les dades facilitades seran utilitzades \u00fanicament per enviar newsletters i mantenir l\u2019Usuari actualitzat sobre les nostres novetats i ofertes puntuals exclusives per a subscriptors.<\/li>\n<li>Formulari de venda: tamb\u00e9 tractem dades personals per a la compra per part de l\u2019Usuari dels nostres productes per poder gestionar la comanda, el pagament i totes les operacions relacionades amb la compra del\/s producte\/s escollit\/s. Aix\u00f2 inclou l\u2019enviament per part nostra de correus electr\u00f2nics de seguiment, respostes a consultes sobre la comanda, factures, rebuts, etc.<\/li>\n<li>Galetes: quan un usuari s\u2019enregistra i navega pel lloc web, s\u2019emmagatzemen galetes, o \u201ccookies\u201d, al seu dispositiu. L\u2019Usuari pot consultar quan ho desitgi la <a href=\"\/lotsdenadal\/politica-de-cookies\/\" target=\"_blank\" rel=\"noopener\">pol\u00edtica de galetes<\/a> per ampliar la informaci\u00f3 sobre el seu \u00fas i com desactivar-les.<\/li>\n<\/ul>\n<h4><strong>TRACTEM DADES DE MENORS?<\/strong><\/h4>\n<p>La informaci\u00f3 i la venda dels nostres productes no van adre\u00e7ades a menors d\u2019edat. No obstant aix\u00f2, els menors de 16 anys que vulguin registrar-se a la nostra web i\/o adquirir els nostres productes han de tenir l\u2019autoritzaci\u00f3 de pare, mare, tutor\/a o representant legal.<\/p>\n<p>Aix\u00ed mateix, en cas que vost\u00e8 comparteixi a les nostres xarxes socials imatges en qu\u00e8 apareguin menors de 16 anys, s\u2019ha d\u2019assegurar de tenir pr\u00e8viament l\u2019autoritzaci\u00f3 del pare, mare, tutor\/a o representant legal del menor.<\/p>\n<p>TORRONS I MEL ALEMANY es reserva el dret a sol\u00b7licitar-li en qualsevol moment l\u2019acreditaci\u00f3 de l\u2019autoritzaci\u00f3.<\/p>\n<h4><strong>PER A QU\u00c8 TRACTEM LES SEVES DADES PERSONALS?<\/strong><\/h4>\n<p>TORRONS I MEL ALEMANY utilitzar\u00e0 les seves dades personals amb les finalitats seg\u00fcents:<\/p>\n<ul>\n<li>Facilitar-li la informaci\u00f3 que sol\u00b7liciti sobre els nostres productes.<\/li>\n<li>Donar-lo d\u2019alta com a usuari del nostre lloc web.<\/li>\n<li>Garantir la correcta tramitaci\u00f3 de la seva comanda en cas que adquireixi algun dels nostres productes.<\/li>\n<li>Enviar-li correus electr\u00f2nics d\u2019informaci\u00f3 comercial, promocions i descomptes especials per a subscriptors.<\/li>\n<\/ul>\n<p>TORRONS I MEL ALEMANY utilitza les seves xarxes socials per publicitar els seus productes. En aquest sentit, en el moment de compartir les seves dades a les nostres xarxes socials, vost\u00e8 consent expressament i ens autoritza a reproduir-les i a comunicar-les p\u00fablicament en aquestes xarxes amb les finalitats abans expressades.<\/p>\n<p>Vost\u00e8 podr\u00e0 revocar aquest consentiment en qualsevol moment mitjan\u00e7ant l\u2019enviament d\u2019un correu electr\u00f2nic a l\u2019adre\u00e7a seg\u00fcent:\u00a0montse@alemany.com.<\/p>\n<p>En cas que no estigui interessat en el tractament de les seves dades a trav\u00e9s de les xarxes socials de TORRONS I MEL ALEMANY en els termes expressats amb anterioritat, preguem s\u2019abstingui de compartir-les.<\/p>\n<p>En cas que TORRONS I MEL ALEMANY necessiti tractar les seves dades amb finalitats diferents a les esmentades anteriorment, en sol\u00b7licitar\u00e0 el consentiment expr\u00e9s per fer-ho, que podr\u00e0 revocar en qualsevol moment de forma unilateral.<\/p>\n<h4><strong>BUTLLETINS INFORMATIUS I COMUNICACIONS COMERCIALS<\/strong><\/h4>\n<p>D\u2019acord amb la LSSICE, i essencialment per pr\u00f2pia convicci\u00f3, TORRONS I MEL ALEMANY no realitza pr\u00e0ctiques d\u2019spam, per tant, no envia correus comercials per via electr\u00f2nica que no hagin estat pr\u00e8viament sol\u00b7licitats o autoritzats per l\u2019Usuari.<\/p>\n<p>TORRONS I MEL ALEMANY podr\u00e0 enviar butlletins informatius i comunicacions comercials a aquells usuaris que n\u2019hagin atorgat pr\u00e8viament el consentiment expr\u00e9s. La informaci\u00f3 d\u2019aquests butlletins i comunicacions consistir\u00e0 en informaci\u00f3 comercial, continguts destacats, consells rellevants sobre el funcionament del sistema i promocions.<\/p>\n<p>L\u2019Usuari tindr\u00e0 la possibilitat de sol\u00b7licitar el cessament de l\u2019enviament d\u2019aquests butlletins i comunicacions en els termes que preveu la Llei 34\/2002, d\u201911 de juliol, de Serveis de la Societat de la Informaci\u00f3, i de revocar-ne el consentiment de forma unilateral, tamb\u00e9 en qualsevol moment, mitjan\u00e7ant l\u2019enviament d\u2019un correu electr\u00f2nic a l\u2019adre\u00e7a seg\u00fcent,\u00a0montse@alemany.com, o donant-se de baixa directament al peu dels butlletins enviats, a l\u2019apartat \u201cUnsubscribe\u201d o \u201cDonar-me de baixa\u201d.<\/p>\n<h4><strong>SERVEIS OFERTS PER TERCERS EN AQUEST LLOC WEB<\/strong><\/h4>\n<p>Prove\u00efdors de serveis externs, com, per exemple, de processament de pagament i de comandes, an\u00e0lisi, gesti\u00f3 de campanyes de m\u00e0rqueting, gesti\u00f3 de llocs web i distribuci\u00f3 de correu electr\u00f2nic i altres prove\u00efdors de serveis similars, perqu\u00e8 puguin realitzar funcions comercials en nom de TORRONS I MEL ALEMANY.<\/p>\n<p>Les seves dades personals podran ser comunicades tamb\u00e9 a destinataris ubicats en pa\u00efsos fora de l\u2019Espai Econ\u00f2mic Europeu, incloent-hi aquells que no proporcionen un nivell de protecci\u00f3 de dades equivalent al de la Uni\u00f3. No obstant aix\u00f2, en aquests casos, seran tractades amb escrupol\u00f3s compliment de la legislaci\u00f3 europea i espanyola, i s\u2019implementaran les garanties indicades a continuaci\u00f3:<\/p>\n<p>\u2022\u00a0<strong>Serveis de missatgeria<\/strong>\u00a0i enviament de butlletins: els butlletins electr\u00f2nics o newsletters estan gestionats per Mailchimp. En utilitzar els serveis d\u2019aquesta plataforma per a la realitzaci\u00f3 de campanyes de m\u00e0rqueting per correu electr\u00f2nic, gesti\u00f3 de subscripcions i enviament de butlletins, ha de saber que Mailchimp t\u00e9 els seus servidors allotjats fora de la UE, als EUA, i s\u2019acull a l\u2019acord EU-US Privacy Shield \u2014la informaci\u00f3 est\u00e0 disponible\u00a0<a href=\"https:\/\/www.privacyshield.gov\/list\">aqu\u00ed<\/a>\u00a0\u2014, aprovat pel Comit\u00e8 Europeu de Protecci\u00f3: Mail Chimp. 675 Ponce de Leon Au NE, Suite 5000 Atlanta, GA 30308.<\/p>\n<p>\u2022\u00a0<strong>Servei d&#8217;an\u00e0lisi<\/strong>: Google Analytics, un servei anal\u00edtic de web prestat per Google, Inc., una companyia de Delaware, amb oficina principal a 1600 Amphitheatre Parkway, Mountain View (Calif\u00f2rnia), CA 94043, Estats Units (\u201cGoogle\u201d). Google Analytics utilitza galetes, uns arxius de text ubicats al seu ordinador per ajudar TORRONS I MEL ALEMANY a analitzar l\u2019\u00fas que fan els usuaris del lloc web. La informaci\u00f3 que generen les galetes sobre l\u2019\u00fas del lloc web delruscacasa.alemany.com (incloent-hi la seva adre\u00e7a IP) ser\u00e0 directament transmesa i arxivada per Google als servidors dels Estats Units.<\/p>\n<p>\u2022\u00a0<strong>PayPal<\/strong>: en el cas de compra d\u2019infoproductes, si decideix pagar a trav\u00e9s de PayPal, les seves dades personals s\u2019enviaran a PayPal. La condici\u00f3 pr\u00e8via per utilitzar PayPal \u00e9s tenir un compte amb ells. El fonament jur\u00eddic per a la transmissi\u00f3 de les dades \u00e9s l\u2019article 6, apartat 1, lletra a) de l\u2019RGPD (consentiment) i l\u2019article 6, apartat 1, lletra b) de l\u2019RGPD (processament per al compliment d\u2019un contracte). L\u2019operador del servei de pagament de PayPal \u00e9s: PayPal (Europa) S.A r.l. et Cie, S.C.A. 22-24 Boulevard Royall-2449 Luxemburg. En utilitzar l\u2019opci\u00f3 de pagament PayPal, atorga el seu consentiment perqu\u00e8 es transmetin les seves dades personals, com ara nom, adre\u00e7a postal, n\u00famero de tel\u00e8fon i adre\u00e7a electr\u00f2nica, a PayPal. Les dades que PayPal recull es dedueixen de la corresponent declaraci\u00f3 de protecci\u00f3 de dades de PayPal. Est\u00e0 certificada sota el Marc de Protecci\u00f3 de Privacitat UE-EUA i Su\u00efssa-EUA i ho trobareu\u00a0<a href=\"http:\/\/www.paypal.com\/de\/webapps\/mpp\/ua\/privacy-full.\">aqu\u00ed<\/a>.<\/p>\n<p>Per prestar serveis estrictament necessaris per al desenvolupament de la nostra activitat, utilitzem els seg\u00fcents prestadors amb les seves corresponents condicions de privacitat:<\/p>\n<p>\u2022\u00a0<strong>PAYTPV ON LINE ENTIDAD DE PAGO S.L.<\/strong>, en endavant \u201cPay Comet\u201d. Utilitzem la passarel\u00b7la de pagaments Pay Comet per gestionar el pagament de comandes per part dels nostres clients mitjan\u00e7ant targeta de d\u00e8bit o cr\u00e8dit. Pay Comet ofereix serveis que permeten a les plataformes i als comerciants operar negocis i realitzar transaccions de pagament en l\u00ednia de manera segura. El fonament jur\u00eddic per a la transmissi\u00f3 de les dades \u00e9s l\u2019article 6, apartat 1, lletra a) de l\u2019RGPD (consentiment) i l\u2019article 6, apartat 1, lletra b) de l\u2019RGPD (processament per al compliment d\u2019un contracte). Pay Comet acompleix les lleis aplicables per proporcionar un nivell adequat de protecci\u00f3 de dades per a la transfer\u00e8ncia de les seves dades personals.<\/p>\n<p>\u2022\u00a0<strong>Arsys Internet S.L.U.<\/strong>\u00a0El nostre hosting \u00e9s 100% espanyol i 100% segur. Utilitza protocols SSL (Secure Sockets Layer, \u201ccapa de connexi\u00f3 segura\u201d). \u00c9s la tecnologia de seguretat est\u00e0ndard utilitzada a Internet per establir una connexi\u00f3 segura (encriptada) entre un servidor (lloc web) i el seu navegador (per exemple, Internet Explorer, Chrome, Firefox, etc.). Aquesta connexi\u00f3 segura garanteix que totes les dades transmeses des del navegador al servidor romandran privades i fora de perill dels hackers o qualsevol persona que intenti espiar\/robar aquesta informaci\u00f3. Un dels usos m\u00e9s comuns del SSL \u00e9s la protecci\u00f3 de dades d\u2019un client durant una transacci\u00f3 en l\u00ednia gr\u00e0cies al xifratge de dades.<\/p>\n<p>\u2022 Plataforma web:\u00a0<strong>WordPress.org<\/strong>\u00a0(m\u00e9s informaci\u00f3 a\u00a0<a href=\"https:\/\/wordpress.org\/\">https:\/\/wordpress.org\/<\/a>) tracta les dades amb la finalitat de realitzar els seus serveis de suport a delruscacasa.alemany.com<\/p>\n<p>\u2022 Plataforma web:\u00a0<strong>Prestashop.com<\/strong>\u00a0(m\u00e9s informaci\u00f3 a\u00a0<a href=\"https:\/\/www.prestashop.com\/es\">https:\/\/www.prestashop.com\/es<\/a>\/) tracta les dades amb la finalitat de realitzar els seus serveis de suport a alemany.com\/shop\/.<\/p>\n<h4><strong>QUANT DE TEMPS CONSERVEM LES SEVES DADES?<\/strong><\/h4>\n<p>Les seves dades personals seran conservades el temps que sigui necessari per complir amb les finalitats per a les quals van ser recollides. Transcorregut aquest temps, TORRONS I MEL ALEMANY procedir\u00e0 a suprimir-les dels seus sistemes, sense perjudici de la possibilitat de conservar-les, limitant-ne el tractament a l\u2019exercici i defensa de reclamacions en els termes previstos per la legislaci\u00f3 aplicable.<\/p>\n<h4><strong>QUINS S\u00d3N ELS SEUS DRETS?<\/strong><\/h4>\n<p>Vost\u00e8 podr\u00e0 exercitar els drets que s\u2019enumeren a continuaci\u00f3 mitjan\u00e7ant l\u2019enviament d\u2019un correu electr\u00f2nic a l\u2019adre\u00e7a seg\u00fcent:\u00a0montse@alemany.com.<\/p>\n<ul>\n<li>Sol\u00b7licitar, en qualsevol moment, que TORRONS I MEL ALEMANY li confirmi si est\u00e0 tractant les seves dades personals o no.<\/li>\n<li>Accedir a les seves dades personals, sol\u00b7licitar la rectificaci\u00f3 de les que siguin inexactes o, si escau, sol\u00b7licitar-ne la supressi\u00f3 quan, entre altres causes, ja no siguin necess\u00e0ries per a les finalitats per a les quals es van demanar.<\/li>\n<li>En determinats casos, sol\u00b7licitar la limitaci\u00f3 del tractament de les seves dades. En aquest sup\u00f2sit, nom\u00e9s les conservarem per a l\u2019exercici o defensa de reclamacions.<\/li>\n<li>En algunes circumst\u00e0ncies, oposar-se al tractament de les seves dades.<\/li>\n<li>Sol\u00b7licitar la portabilitat de les seves dades.<\/li>\n<li>Revocar el consentiment que, si escau, vost\u00e8 hagi atorgat per al tractament de les seves dades per part de TORRONS I MEL ALEMANY.<\/li>\n<li>Presentar una reclamaci\u00f3 davant l\u2019Ag\u00e8ncia Espanyola de Protecci\u00f3 de Dades.<\/li>\n<\/ul>\n<h4><strong>ACCEPTACI\u00d3 I CONSENTIMENT<\/strong><\/h4>\n<p>L\u2019Usuari declara haver estat informat de les condicions sobre protecci\u00f3 de dades de car\u00e0cter personal, i n\u2019accepta i en consent el seu tractament per part de TORRONS I MEL ALEMANY en la forma i per a les finalitats indicades en aquesta pol\u00edtica de privacitat.<\/p>\n<h4><strong>REVOCABILITAT<\/strong><\/h4>\n<p>El consentiment ofert, tant per al tractament com per a la cessi\u00f3 de les dades dels interessats, \u00e9s revocable en qualsevol moment comunicant-ho a TORRONS I MEL ALEMANY en els termes que estableix aquesta pol\u00edtica per a l\u2019exercici dels drets ARCO (Acc\u00e9s, Rectificaci\u00f3, Cancel\u00b7laci\u00f3 o Oposici\u00f3). Aquesta revocaci\u00f3 no t\u00e9 en cap cas car\u00e0cter retroactiu.<\/p>\n<h4><strong>CANVIS EN AQUESTA POL\u00cdTICA DE PRIVACITAT<br \/>\n<\/strong><\/h4>\n<p>TORRONS I MEL ALEMANY es reserva el dret a modificar aquesta pol\u00edtica per adaptar-la a novetats legislatives o jurisprudencials, aix\u00ed com a pr\u00e0ctiques de la ind\u00fastria. En aquests sup\u00f2sits, el prestador anunciar\u00e0 en aquesta p\u00e0gina els canvis introdu\u00efts amb una antelaci\u00f3 raonable a la posada en pr\u00e0ctica.<\/p>\n<p><strong>Darrera actualitzaci\u00f3: mar\u00e7 2022<\/strong><\/p>\n<\/div><\/div><style type=\"text\/css\">.fusion-body .fusion-builder-column-0{width:100% !important;margin-top : 0px;margin-bottom : 0px;}.fusion-builder-column-0 > .fusion-column-wrapper {padding-top : 0px !important;padding-right : 0px !important;margin-right : 1.92%;padding-bottom : 0px !important;padding-left : 0px !important;margin-left : 1.92%;}@media only screen and (max-width:1075px) {.fusion-body .fusion-builder-column-0{width:100% !important;}.fusion-builder-column-0 > .fusion-column-wrapper {margin-right : 1.92%;margin-left : 1.92%;}}@media only screen and (max-width:640px) {.fusion-body .fusion-builder-column-0{width:100% !important;}.fusion-builder-column-0 > .fusion-column-wrapper {margin-right : 1.92%;margin-left : 1.92%;}}<\/style><\/div><\/div><style type=\"text\/css\">.fusion-body .fusion-flex-container.fusion-builder-row-1{ padding-top : 4%;margin-top : 0px;padding-right : 10%;padding-bottom : 4%;margin-bottom : 0px;padding-left : 10%;}<\/style><\/div>\n","protected":false},"excerpt":{"rendered":"","protected":false},"author":1,"featured_media":0,"parent":0,"menu_order":0,"comment_status":"closed","ping_status":"closed","template":"100-width.php","meta":{"footnotes":""},"class_list":["post-2825","page","type-page","status-publish","hentry"],"_links":{"self":[{"href":"https:\/\/alemany.com\/lotsdenadal\/wp-json\/wp\/v2\/pages\/2825","targetHints":{"allow":["GET"]}}],"collection":[{"href":"https:\/\/alemany.com\/lotsdenadal\/wp-json\/wp\/v2\/pages"}],"about":[{"href":"https:\/\/alemany.com\/lotsdenadal\/wp-json\/wp\/v2\/types\/page"}],"author":[{"embeddable":true,"href":"https:\/\/alemany.com\/lotsdenadal\/wp-json\/wp\/v2\/users\/1"}],"replies":[{"embeddable":true,"href":"https:\/\/alemany.com\/lotsdenadal\/wp-json\/wp\/v2\/comments?post=2825"}],"version-history":[{"count":1,"href":"https:\/\/alemany.com\/lotsdenadal\/wp-json\/wp\/v2\/pages\/2825\/revisions"}],"predecessor-version":[{"id":2826,"href":"https:\/\/alemany.com\/lotsdenadal\/wp-json\/wp\/v2\/pages\/2825\/revisions\/2826"}],"wp:attachment":[{"href":"https:\/\/alemany.com\/lotsdenadal\/wp-json\/wp\/v2\/media?parent=2825"}],"curies":[{"name":"wp","href":"https:\/\/api.w.org\/{rel}","templated":true}]}}